{"id":2324,"date":"2020-04-05T19:36:35","date_gmt":"2020-04-05T17:36:35","guid":{"rendered":"http:\/\/www.malermeister-widdecke.de\/mw\/?page_id=2324"},"modified":"2020-04-14T12:28:48","modified_gmt":"2020-04-14T10:28:48","slug":"glasgewebe","status":"publish","type":"page","link":"http:\/\/www.malermeister-widdecke.de\/mw\/innenraeume\/glasgewebe\/","title":{"rendered":"Glasgewebe"},"content":{"rendered":"<p>[vc_row equal_height=&#8220;yes&#8220; content_placement=&#8220;top&#8220; type=&#8220;vc_default&#8220; margin_top=&#8220;5&#8243; margin_bottom=&#8220;10&#8243; css=&#8220;.vc_custom_1529513148816{padding-top: 70px !important;padding-bottom: 30px !important;}&#8220;][vc_column offset=&#8220;vc_col-lg-offset-2 vc_col-lg-8 vc_col-md-offset-1 vc_col-md-10&#8243;]<div id=\"ultimate-heading-783669e1972f57e81\" class=\"uvc-heading ult-adjust-bottom-margin ultimate-heading-783669e1972f57e81 uvc-1881 accent-border-color\" data-hspacer=\"no_spacer\"  data-halign=\"center\" style=\"text-align:center\"><div class=\"uvc-heading-spacer no_spacer\" style=\"top\"><\/div><div class=\"uvc-main-heading ult-responsive\"  data-ultimate-target='.uvc-heading.ultimate-heading-783669e1972f57e81 h1'  data-responsive-json-new='{\"font-size\":\"desktop:44px;tablet_portrait:30px;\",\"line-height\":\"desktop:54px;tablet_portrait:40px;\"}' ><h1 style=\"font-weight:bold;margin-bottom:10px;\">Glasfasergewebe<\/h1><\/div><\/div>[\/vc_column][vc_column][vc_row_inner equal_height=&#8220;yes&#8220; content_placement=&#8220;top&#8220;][vc_column_inner width=&#8220;1\/2&#8243; css=&#8220;.vc_custom_1491746397816{padding-bottom: 50px !important;}&#8220;]<style type=\"text\/css\" data-type=\"the7_shortcodes-inline-css\">.shortcode-single-image-wrap.shortcode-single-image-3674acbfbea3746ed7e890ad265a1e96.enable-bg-rollover .rollover i,\n.shortcode-single-image-wrap.shortcode-single-image-3674acbfbea3746ed7e890ad265a1e96.enable-bg-rollover .rollover-video i {\n  background: ;\n  background: -webkit-linear-gradient();\n  background: linear-gradient();\n}\n.shortcode-single-image-wrap.shortcode-single-image-3674acbfbea3746ed7e890ad265a1e96 .rollover-icon {\n  font-size: 32px;\n  color: #ffffff;\n  min-width: 44px;\n  min-height: 44px;\n  line-height: 44px;\n  border-radius: 100px;\n  border-style: solid;\n  border-width: 0px;\n}\n.dt-icon-bg-on.shortcode-single-image-wrap.shortcode-single-image-3674acbfbea3746ed7e890ad265a1e96 .rollover-icon {\n  background: rgba(255,255,255,0.3);\n  box-shadow: none;\n}\n<\/style><div class=\"shortcode-single-image-wrap shortcode-single-image-3674acbfbea3746ed7e890ad265a1e96 alignnone  enable-bg-rollover dt-icon-bg-off\" style=\"margin-top:0px; margin-bottom:0px; margin-left:0px; margin-right:0px; width:600px;\"><div class=\"shortcode-single-image\"><div class=\"fancy-media-wrap\" style=\"\"><a class=\"layzr-bg rollover rollover-zoom dt-pswp-item pswp-image\" href=\"http:\/\/www.malermeister-widdecke.de\/mw\/wp-content\/uploads\/2020\/04\/Glasfaser.jpg\" title=\"Glasfaser\" data-dt-img-description=\"\" data-large_image_width=\"328\" data-large_image_height = \"416\"  style=\"\"><img class=\"preload-me lazy-load\" src=\"data:image\/svg+xml,%3Csvg%20xmlns%3D&#39;http%3A%2F%2Fwww.w3.org%2F2000%2Fsvg&#39;%20viewBox%3D&#39;0%200%20328%20415&#39;%2F%3E\" data-src=\"http:\/\/www.malermeister-widdecke.de\/mw\/wp-content\/uploads\/2020\/04\/Glasfaser.jpg\" data-srcset=\"http:\/\/www.malermeister-widdecke.de\/mw\/wp-content\/uploads\/2020\/04\/Glasfaser.jpg 328w\" width=\"328\" height=\"415\"  data-dt-location=\"http:\/\/www.malermeister-widdecke.de\/mw\/innenraeume\/glasgewebe\/glasfaser\/\" alt=\"\" \/><\/a><\/div><\/div><\/div>[\/vc_column_inner][vc_column_inner width=&#8220;1\/2&#8243; css=&#8220;.vc_custom_1491746388981{padding-bottom: 50px !important;}&#8220;][vc_column_text]Glasfasertapeten zeichnen sich gegen\u00fcber anderen vergleichbaren Wandbel\u00e4gen vor allem durch ihre mechanische Belastbarkeit und Strapazierf\u00e4higkeit aus, was sie besonders f\u00fcr die Anwendung in stark frequentierten R\u00e4umen und \u00f6ffentlichen Geb\u00e4uden qualifiziert. Bedingt durch ihre Eigenschaften gelten sie als die strapazierf\u00e4higsten Tapeten der Welt. Die Zugfestigkeit der Glasfasertapete \u00fcbersteigt die der Raufasertapete um etwa das Siebenfache und die der Vinyltapete um mehr als das Doppelte. Durch diese Eigenschaften besitzt die Glasfasertapete eine besondere wandarmierende Funktion. Bereits vorhandene Risse im Putz k\u00f6nnen dadurch konserviert und die Bildung neuer Risse verhindert werden. Au\u00dferdem wird die Wand dauerhaft vor Sch\u00e4den durch St\u00f6\u00dfe gesch\u00fctzt.<\/p>\n<p>Durch den mineralischen Ursprung der Grundsubstanzen geht die Glasfasertapete komplett in den Bauk\u00f6rper \u00fcber.<\/p>\n<p>Glasfasertapete ist schwer entflammbar (B1 nach DIN 4102). Da bei der Herstellung keine brandhemmenden, toxischen Zusatzstoffe verwendet werden m\u00fcssen, entstehen im Brandfall auch keine Giftgase.<\/p>\n<p>Glasfasertapeten sind dimensionsstabil, formstabil bei N\u00e4sse, verrottungsfest, wiederholt \u00fcberstreichbar und zeichnen sich durch eine hohe Langlebigkeit aus.<\/p>\n<p>Glasfasertapeten sind in der Anschaffung teurer als Vinyl oder Raufasertapeten. Glasfasertapeten k\u00f6nnen bis zu zehnmal \u00fcberstrichen werden, ohne dass die Strukturoptik beeintr\u00e4chtigt wird. Somit erh\u00f6hen sich die Renovierungsintervalle deutlich. Die Lebenserwartung einer Glasfasertapete wird mit bis zu 30 Jahren angegeben. Auf Grund dieser Langlebigkeit amortisieren sich die etwas h\u00f6heren Anschaffungskosten.[\/vc_column_text][\/vc_column_inner][\/vc_row_inner][\/vc_column][\/vc_row]<\/p>\n","protected":false},"excerpt":{"rendered":"<p>[vc_row equal_height=&#8220;yes&#8220; content_placement=&#8220;top&#8220; type=&#8220;vc_default&#8220; margin_top=&#8220;5&#8243; margin_bottom=&#8220;10&#8243; css=&#8220;.vc_custom_1529513148816{padding-top: 70px !important;padding-bottom: 30px !important;}&#8220;][vc_column offset=&#8220;vc_col-lg-offset-2 vc_col-lg-8 vc_col-md-offset-1 vc_col-md-10&#8243;][\/vc_column][vc_column][vc_row_inner equal_height=&#8220;yes&#8220; content_placement=&#8220;top&#8220;][vc_column_inner width=&#8220;1\/2&#8243; css=&#8220;.vc_custom_1491746397816{padding-bottom: 50px !important;}&#8220;][\/vc_column_inner][vc_column_inner width=&#8220;1\/2&#8243; css=&#8220;.vc_custom_1491746388981{padding-bottom: 50px !important;}&#8220;][vc_column_text]Glasfasertapeten zeichnen sich gegen\u00fcber anderen vergleichbaren Wandbel\u00e4gen vor allem durch ihre mechanische Belastbarkeit und Strapazierf\u00e4higkeit aus, was sie besonders f\u00fcr die Anwendung in stark frequentierten R\u00e4umen und \u00f6ffentlichen Geb\u00e4uden qualifiziert. Bedingt&hellip;<\/p>\n","protected":false},"author":1,"featured_media":0,"parent":47,"menu_order":29,"comment_status":"closed","ping_status":"closed","template":"","meta":[],"_links":{"self":[{"href":"http:\/\/www.malermeister-widdecke.de\/mw\/wp-json\/wp\/v2\/pages\/2324"}],"collection":[{"href":"http:\/\/www.malermeister-widdecke.de\/mw\/wp-json\/wp\/v2\/pages"}],"about":[{"href":"http:\/\/www.malermeister-widdecke.de\/mw\/wp-json\/wp\/v2\/types\/page"}],"author":[{"embeddable":true,"href":"http:\/\/www.malermeister-widdecke.de\/mw\/wp-json\/wp\/v2\/users\/1"}],"replies":[{"embeddable":true,"href":"http:\/\/www.malermeister-widdecke.de\/mw\/wp-json\/wp\/v2\/comments?post=2324"}],"version-history":[{"count":6,"href":"http:\/\/www.malermeister-widdecke.de\/mw\/wp-json\/wp\/v2\/pages\/2324\/revisions"}],"predecessor-version":[{"id":2365,"href":"http:\/\/www.malermeister-widdecke.de\/mw\/wp-json\/wp\/v2\/pages\/2324\/revisions\/2365"}],"up":[{"embeddable":true,"href":"http:\/\/www.malermeister-widdecke.de\/mw\/wp-json\/wp\/v2\/pages\/47"}],"wp:attachment":[{"href":"http:\/\/www.malermeister-widdecke.de\/mw\/wp-json\/wp\/v2\/media?parent=2324"}],"curies":[{"name":"wp","href":"https:\/\/api.w.org\/{rel}","templated":true}]}}