{"id":2326,"date":"2020-04-05T19:37:56","date_gmt":"2020-04-05T17:37:56","guid":{"rendered":"http:\/\/www.malermeister-widdecke.de\/mw\/?page_id=2326"},"modified":"2020-04-05T21:34:37","modified_gmt":"2020-04-05T19:34:37","slug":"vlies","status":"publish","type":"page","link":"http:\/\/www.malermeister-widdecke.de\/mw\/innenraeume\/vlies\/","title":{"rendered":"Vlies"},"content":{"rendered":"<p>[vc_row equal_height=&#8220;yes&#8220; content_placement=&#8220;top&#8220; type=&#8220;vc_default&#8220; margin_top=&#8220;5&#8243; margin_bottom=&#8220;10&#8243; css=&#8220;.vc_custom_1529513148816{padding-top: 70px !important;padding-bottom: 30px !important;}&#8220;][vc_column offset=&#8220;vc_col-lg-offset-2 vc_col-lg-8 vc_col-md-offset-1 vc_col-md-10&#8243;]<div id=\"ultimate-heading-29306a0a30bfc72ef\" class=\"uvc-heading ult-adjust-bottom-margin ultimate-heading-29306a0a30bfc72ef uvc-4391 accent-border-color\" data-hspacer=\"no_spacer\"  data-halign=\"center\" style=\"text-align:center\"><div class=\"uvc-heading-spacer no_spacer\" style=\"top\"><\/div><div class=\"uvc-main-heading ult-responsive\"  data-ultimate-target='.uvc-heading.ultimate-heading-29306a0a30bfc72ef h1'  data-responsive-json-new='{\"font-size\":\"desktop:44px;tablet_portrait:30px;\",\"line-height\":\"desktop:54px;tablet_portrait:40px;\"}' ><h1 style=\"font-weight:bold;margin-bottom:10px;\">Vliestapete<\/h1><\/div><\/div>[\/vc_column][vc_column][vc_row_inner equal_height=&#8220;yes&#8220; content_placement=&#8220;top&#8220;][vc_column_inner width=&#8220;1\/2&#8243; css=&#8220;.vc_custom_1491746397816{padding-bottom: 50px !important;}&#8220;][vc_column_text]Die Vliestapete ist ein Wandbelag mit einem Tr\u00e4germaterial aus Zellstoff.<\/p>\n<p>Er gilt als besonders strapazierf\u00e4hig, leicht zu verarbeiten und schwer entflammbar. Das Material kann auch kleinere Risse im Putzuntergrund \u00fcberbr\u00fccken. Verschiedene Oberfl\u00e4chen zwischen ganz glatt \u00fcber grobe Pr\u00e4gemuster bis zu bedruckten Fertigvliestapeten werden angeboten.<\/p>\n<p>Der wesentliche Unterschied von Vliestapeten im Vergleich zu herk\u00f6mmlichen liegt im Tr\u00e4germaterial. Dieses besteht hier meist aus einer\u00a0dampfdiffusionsoffenen\u00a0Kombination von\u00a0Zellulose\u00a0und\u00a0Textilfasern, die f\u00fcr einen strapazierf\u00e4higen Wandbelag sorgen.<\/p>\n<p>Die strukturierten Oberfl\u00e4chen kommen je nach Hersteller unterschiedlich zustande, durch Pr\u00e4gung des Basismaterials oder auch durch aufgesch\u00e4umte Kunststoffe (PVC).<\/p>\n<p>Vliestapeten m\u00fcssen nicht mit dem\u00a0Tapetenkleister\u00a0eingestrichen oder mit diesem eingeweicht werden, sondern k\u00f6nnen trocken bahnenweise auf die mit einem Spezialkleber f\u00fcr Vlies eingestrichene Wand aufgebracht werden. Der Vlieswandbelag bleibt im Gegensatz zu anderen Arten Tapete in unver\u00e4nderter Form. Er dehnt sich auch in feuchtem Zustand weder aus noch\u00a0schrumpft\u00a0er im\u00a0Trocknungsverlauf.<\/p>\n<p>Bei Vliestapeten, die bereits farbig oder gemustert sind, soll der zu tapezierende Untergrund farblich einheitlich sein, da der Vliestr\u00e4ger durchscheinender ist als der herk\u00f6mmliche Papiertr\u00e4ger. Speziell f\u00fcr die Tapezierung von Vliestapeten stellt die Industrie Grundierungen bereit, die wei\u00df pigmentiert sind und oft als \u201eTapetengrund wei\u00df\u201c oder als \u201eTapeziergrund wei\u00df\u201c bezeichnet werden.<\/p>\n<p>Das\u00a0Abl\u00f6sen\u00a0einer Vliestapete ist leichter als bei herk\u00f6mmlichen, sie werden bahnenweise trocken abgezogen. Das ist m\u00f6glich, weil die Zugbelastbarkeit des Vliesgewebes h\u00f6her ist als die Klebewirkung des Kleisteruntergrundes.[\/vc_column_text][\/vc_column_inner][vc_column_inner width=&#8220;1\/2&#8243; css=&#8220;.vc_custom_1491746388981{padding-bottom: 50px !important;}&#8220;]<style type=\"text\/css\" data-type=\"the7_shortcodes-inline-css\">.shortcode-single-image-wrap.shortcode-single-image-c624d8684bec362c27702dfd08a0cdf4.enable-bg-rollover .rollover i,\n.shortcode-single-image-wrap.shortcode-single-image-c624d8684bec362c27702dfd08a0cdf4.enable-bg-rollover .rollover-video i {\n  background: ;\n  background: -webkit-linear-gradient();\n  background: linear-gradient();\n}\n.shortcode-single-image-wrap.shortcode-single-image-c624d8684bec362c27702dfd08a0cdf4 .rollover-icon {\n  font-size: 32px;\n  color: #ffffff;\n  min-width: 44px;\n  min-height: 44px;\n  line-height: 44px;\n  border-radius: 100px;\n  border-style: solid;\n  border-width: 0px;\n}\n.dt-icon-bg-on.shortcode-single-image-wrap.shortcode-single-image-c624d8684bec362c27702dfd08a0cdf4 .rollover-icon {\n  background: rgba(255,255,255,0.3);\n  box-shadow: none;\n}\n<\/style><div class=\"shortcode-single-image-wrap shortcode-single-image-c624d8684bec362c27702dfd08a0cdf4 alignnone  enable-bg-rollover dt-icon-bg-off\" style=\"margin-top:0px; margin-bottom:0px; margin-left:0px; margin-right:0px; width:600px;\"><div class=\"shortcode-single-image\"><div class=\"fancy-media-wrap\" style=\"\"><a class=\"layzr-bg rollover rollover-zoom dt-pswp-item pswp-image\" href=\"http:\/\/www.malermeister-widdecke.de\/mw\/wp-content\/uploads\/2020\/04\/Vliestapete.jpg\" title=\"Vliestapete\" data-dt-img-description=\"\" data-large_image_width=\"769\" data-large_image_height = \"780\"  style=\"\"><img class=\"preload-me lazy-load\" src=\"data:image\/svg+xml,%3Csvg%20xmlns%3D&#39;http%3A%2F%2Fwww.w3.org%2F2000%2Fsvg&#39;%20viewBox%3D&#39;0%200%20600%20608&#39;%2F%3E\" data-src=\"http:\/\/www.malermeister-widdecke.de\/mw\/wp-content\/uploads\/2020\/04\/Vliestapete-600x608.jpg\" data-srcset=\"http:\/\/www.malermeister-widdecke.de\/mw\/wp-content\/uploads\/2020\/04\/Vliestapete-600x608.jpg 600w, http:\/\/www.malermeister-widdecke.de\/mw\/wp-content\/uploads\/2020\/04\/Vliestapete.jpg 769w\" width=\"600\" height=\"608\"  data-dt-location=\"http:\/\/www.malermeister-widdecke.de\/mw\/innenraeume\/vlies\/vliestapete\/\" alt=\"\" \/><\/a><\/div><\/div><\/div>[\/vc_column_inner][\/vc_row_inner][\/vc_column][\/vc_row]<\/p>\n","protected":false},"excerpt":{"rendered":"<p>[vc_row equal_height=&#8220;yes&#8220; content_placement=&#8220;top&#8220; type=&#8220;vc_default&#8220; margin_top=&#8220;5&#8243; margin_bottom=&#8220;10&#8243; css=&#8220;.vc_custom_1529513148816{padding-top: 70px !important;padding-bottom: 30px !important;}&#8220;][vc_column offset=&#8220;vc_col-lg-offset-2 vc_col-lg-8 vc_col-md-offset-1 vc_col-md-10&#8243;][\/vc_column][vc_column][vc_row_inner equal_height=&#8220;yes&#8220; content_placement=&#8220;top&#8220;][vc_column_inner width=&#8220;1\/2&#8243; css=&#8220;.vc_custom_1491746397816{padding-bottom: 50px !important;}&#8220;][vc_column_text]Die Vliestapete ist ein Wandbelag mit einem Tr\u00e4germaterial aus Zellstoff. Er gilt als besonders strapazierf\u00e4hig, leicht zu verarbeiten und schwer entflammbar. Das Material kann auch kleinere Risse im Putzuntergrund \u00fcberbr\u00fccken. Verschiedene Oberfl\u00e4chen zwischen ganz glatt&hellip;<\/p>\n","protected":false},"author":1,"featured_media":0,"parent":47,"menu_order":22,"comment_status":"closed","ping_status":"closed","template":"","meta":[],"_links":{"self":[{"href":"http:\/\/www.malermeister-widdecke.de\/mw\/wp-json\/wp\/v2\/pages\/2326"}],"collection":[{"href":"http:\/\/www.malermeister-widdecke.de\/mw\/wp-json\/wp\/v2\/pages"}],"about":[{"href":"http:\/\/www.malermeister-widdecke.de\/mw\/wp-json\/wp\/v2\/types\/page"}],"author":[{"embeddable":true,"href":"http:\/\/www.malermeister-widdecke.de\/mw\/wp-json\/wp\/v2\/users\/1"}],"replies":[{"embeddable":true,"href":"http:\/\/www.malermeister-widdecke.de\/mw\/wp-json\/wp\/v2\/comments?post=2326"}],"version-history":[{"count":3,"href":"http:\/\/www.malermeister-widdecke.de\/mw\/wp-json\/wp\/v2\/pages\/2326\/revisions"}],"predecessor-version":[{"id":2368,"href":"http:\/\/www.malermeister-widdecke.de\/mw\/wp-json\/wp\/v2\/pages\/2326\/revisions\/2368"}],"up":[{"embeddable":true,"href":"http:\/\/www.malermeister-widdecke.de\/mw\/wp-json\/wp\/v2\/pages\/47"}],"wp:attachment":[{"href":"http:\/\/www.malermeister-widdecke.de\/mw\/wp-json\/wp\/v2\/media?parent=2326"}],"curies":[{"name":"wp","href":"https:\/\/api.w.org\/{rel}","templated":true}]}}