{"id":2328,"date":"2020-04-05T19:38:23","date_gmt":"2020-04-05T17:38:23","guid":{"rendered":"http:\/\/www.malermeister-widdecke.de\/mw\/?page_id=2328"},"modified":"2020-04-05T21:46:25","modified_gmt":"2020-04-05T19:46:25","slug":"streichputz","status":"publish","type":"page","link":"http:\/\/www.malermeister-widdecke.de\/mw\/innenraeume\/streichputz\/","title":{"rendered":"Streichputz"},"content":{"rendered":"<p>[vc_row equal_height=&#8220;yes&#8220; content_placement=&#8220;top&#8220; type=&#8220;vc_default&#8220; margin_top=&#8220;5&#8243; margin_bottom=&#8220;10&#8243; css=&#8220;.vc_custom_1529513148816{padding-top: 70px !important;padding-bottom: 30px !important;}&#8220;][vc_column offset=&#8220;vc_col-lg-offset-2 vc_col-lg-8 vc_col-md-offset-1 vc_col-md-10&#8243;]<div id=\"ultimate-heading-877869e5d271f3bcd\" class=\"uvc-heading ult-adjust-bottom-margin ultimate-heading-877869e5d271f3bcd uvc-6393 accent-border-color\" data-hspacer=\"no_spacer\"  data-halign=\"center\" style=\"text-align:center\"><div class=\"uvc-heading-spacer no_spacer\" style=\"top\"><\/div><div class=\"uvc-main-heading ult-responsive\"  data-ultimate-target='.uvc-heading.ultimate-heading-877869e5d271f3bcd h1'  data-responsive-json-new='{\"font-size\":\"desktop:44px;tablet_portrait:30px;\",\"line-height\":\"desktop:54px;tablet_portrait:40px;\"}' ><h1 style=\"font-weight:bold;margin-bottom:10px;\">Streichputz<\/h1><\/div><\/div>[\/vc_column][vc_column][vc_row_inner equal_height=&#8220;yes&#8220; content_placement=&#8220;top&#8220;][vc_column_inner width=&#8220;1\/2&#8243; css=&#8220;.vc_custom_1491746397816{padding-bottom: 50px !important;}&#8220;]<style type=\"text\/css\" data-type=\"the7_shortcodes-inline-css\">.shortcode-single-image-wrap.shortcode-single-image-ca627e7bd63b27f43ac2fb388e723cf0.enable-bg-rollover .rollover i,\n.shortcode-single-image-wrap.shortcode-single-image-ca627e7bd63b27f43ac2fb388e723cf0.enable-bg-rollover .rollover-video i {\n  background: ;\n  background: -webkit-linear-gradient();\n  background: linear-gradient();\n}\n.shortcode-single-image-wrap.shortcode-single-image-ca627e7bd63b27f43ac2fb388e723cf0 .rollover-icon {\n  font-size: 32px;\n  color: #ffffff;\n  min-width: 44px;\n  min-height: 44px;\n  line-height: 44px;\n  border-radius: 100px;\n  border-style: solid;\n  border-width: 0px;\n}\n.dt-icon-bg-on.shortcode-single-image-wrap.shortcode-single-image-ca627e7bd63b27f43ac2fb388e723cf0 .rollover-icon {\n  background: rgba(255,255,255,0.3);\n  box-shadow: none;\n}\n<\/style><div class=\"shortcode-single-image-wrap shortcode-single-image-ca627e7bd63b27f43ac2fb388e723cf0 alignnone  enable-bg-rollover dt-icon-bg-off\" style=\"margin-top:0px; margin-bottom:0px; margin-left:0px; margin-right:0px; width:600px;\"><div class=\"shortcode-single-image\"><div class=\"fancy-media-wrap\" style=\"\"><a class=\"layzr-bg rollover rollover-zoom dt-pswp-item pswp-image\" href=\"http:\/\/www.malermeister-widdecke.de\/mw\/wp-content\/uploads\/2020\/04\/Streichputz.jpg\" title=\"Streichputz\" data-dt-img-description=\"\" data-large_image_width=\"352\" data-large_image_height = \"600\"  style=\"\"><img class=\"preload-me lazy-load\" src=\"data:image\/svg+xml,%3Csvg%20xmlns%3D&#39;http%3A%2F%2Fwww.w3.org%2F2000%2Fsvg&#39;%20viewBox%3D&#39;0%200%20352%20599&#39;%2F%3E\" data-src=\"http:\/\/www.malermeister-widdecke.de\/mw\/wp-content\/uploads\/2020\/04\/Streichputz.jpg\" data-srcset=\"http:\/\/www.malermeister-widdecke.de\/mw\/wp-content\/uploads\/2020\/04\/Streichputz.jpg 352w\" width=\"352\" height=\"599\"  data-dt-location=\"http:\/\/www.malermeister-widdecke.de\/mw\/innenraeume\/streichputz\/streichputz-2\/\" alt=\"\" \/><\/a><\/div><\/div><\/div>[\/vc_column_inner][vc_column_inner width=&#8220;1\/2&#8243; css=&#8220;.vc_custom_1491746388981{padding-bottom: 50px !important;}&#8220;][vc_column_text]Streichputz\u00a0besteht aus Farbe und\u00a0Quarzsand-Anteilen. Er findet Anwendung als Zwischenbeschichtung oder als dekorative Effektbeschichtung, sowie bei der Egalisierung von Untergr\u00fcnden. Er wird mit Streich- oder Rollwerkzeug aufgetragen.<\/p>\n<p>Streichputz ist f\u00fcr die meisten Oberfl\u00e4chen im Innenbereich geeignet. Es gibt ihn in den K\u00f6rnungen<\/p>\n<ul>\n<li>fein, ca. 500\u2013700 g\/m\u00b2<\/li>\n<li>mittel, ca. 600\u2013750 g\/m\u00b2<\/li>\n<li>grob, ca. 650\u2013800 g\/m\u00b2<\/li>\n<li>supergrob, ca. 700\u20131500 g\/m\u00b2<\/li>\n<\/ul>\n<p>Die feine K\u00f6rnung des Streichputzes betr\u00e4gt meist ein Millimeter. Zum Vergleich: Grober Streichputz hat eine K\u00f6rnung bis zu acht Millimeter. Das l\u00e4sst den feinen Putz vor allem f\u00fcr ein edles Design geeignet sein. Er ist meist offenporig, deckt trotz der kleinen K\u00f6rnung gut und kann von Laien gut verarbeitet werden. Feiner Streichputz kann zudem besonders sto\u00dffest und atmungsaktiv sein, aber auch Geruchsneutralit\u00e4t geh\u00f6rt zu seinen Eigenschaften. Ebenso ist er in vielen F\u00e4llen frei von L\u00f6sungsmitteln. So kann er sowohl im Kinderzimmer, aber auch im Schlaf- oder Wohnzimmer eingesetzt werden. Er eignet sich auch als\u00a0Wandgestaltung\u00a0f\u00fcr Flur, Bad- und Arbeitszimmer sowie\u00a0Garage\u00a0und Keller. Manche Produkte mit feiner K\u00f6rnung k\u00f6nnen auch im Au\u00dfenbereich verwendet werden. Feiner Streichputz gibt es in Wei\u00df oder mit Farbe. Sein Look ist oft matt. Der Handel hat verschiedene Produkte vorr\u00e4tig: von fertig angemischt bis zu Pulvervarianten, die mit Wasser anger\u00fchrt werden m\u00fcssen.<\/p>\n<p>Feiner Streichputz zeichnet sich vor allem durch seine geringe K\u00f6rnung aus. Diese bewirkt, dass die Optik der Wand deutlich einheitlicher ist als bei mittleren oder groben Streichputzen. Ein edles und modernes Design entsteht \u2013 der Raum wirkt ruhiger und weniger lebendig. Auch die Gestaltungsm\u00f6glichkeiten sind bei feinem Streichputz anders als bei gr\u00f6beren Varianten. Feiner Streichputz ist zudem im Handel leicht zu erstehen und auch f\u00fcr den Laien eine gute M\u00f6glichkeit, seine W\u00e4nde zu bearbeiten.[\/vc_column_text][\/vc_column_inner][\/vc_row_inner][\/vc_column][\/vc_row]<\/p>\n","protected":false},"excerpt":{"rendered":"<p>[vc_row equal_height=&#8220;yes&#8220; content_placement=&#8220;top&#8220; type=&#8220;vc_default&#8220; margin_top=&#8220;5&#8243; margin_bottom=&#8220;10&#8243; css=&#8220;.vc_custom_1529513148816{padding-top: 70px !important;padding-bottom: 30px !important;}&#8220;][vc_column offset=&#8220;vc_col-lg-offset-2 vc_col-lg-8 vc_col-md-offset-1 vc_col-md-10&#8243;][\/vc_column][vc_column][vc_row_inner equal_height=&#8220;yes&#8220; content_placement=&#8220;top&#8220;][vc_column_inner width=&#8220;1\/2&#8243; css=&#8220;.vc_custom_1491746397816{padding-bottom: 50px !important;}&#8220;][\/vc_column_inner][vc_column_inner width=&#8220;1\/2&#8243; css=&#8220;.vc_custom_1491746388981{padding-bottom: 50px !important;}&#8220;][vc_column_text]Streichputz\u00a0besteht aus Farbe und\u00a0Quarzsand-Anteilen. Er findet Anwendung als Zwischenbeschichtung oder als dekorative Effektbeschichtung, sowie bei der Egalisierung von Untergr\u00fcnden. Er wird mit Streich- oder Rollwerkzeug aufgetragen. Streichputz ist f\u00fcr die meisten&hellip;<\/p>\n","protected":false},"author":1,"featured_media":0,"parent":47,"menu_order":23,"comment_status":"closed","ping_status":"closed","template":"","meta":[],"_links":{"self":[{"href":"http:\/\/www.malermeister-widdecke.de\/mw\/wp-json\/wp\/v2\/pages\/2328"}],"collection":[{"href":"http:\/\/www.malermeister-widdecke.de\/mw\/wp-json\/wp\/v2\/pages"}],"about":[{"href":"http:\/\/www.malermeister-widdecke.de\/mw\/wp-json\/wp\/v2\/types\/page"}],"author":[{"embeddable":true,"href":"http:\/\/www.malermeister-widdecke.de\/mw\/wp-json\/wp\/v2\/users\/1"}],"replies":[{"embeddable":true,"href":"http:\/\/www.malermeister-widdecke.de\/mw\/wp-json\/wp\/v2\/comments?post=2328"}],"version-history":[{"count":3,"href":"http:\/\/www.malermeister-widdecke.de\/mw\/wp-json\/wp\/v2\/pages\/2328\/revisions"}],"predecessor-version":[{"id":2371,"href":"http:\/\/www.malermeister-widdecke.de\/mw\/wp-json\/wp\/v2\/pages\/2328\/revisions\/2371"}],"up":[{"embeddable":true,"href":"http:\/\/www.malermeister-widdecke.de\/mw\/wp-json\/wp\/v2\/pages\/47"}],"wp:attachment":[{"href":"http:\/\/www.malermeister-widdecke.de\/mw\/wp-json\/wp\/v2\/media?parent=2328"}],"curies":[{"name":"wp","href":"https:\/\/api.w.org\/{rel}","templated":true}]}}