{"id":2330,"date":"2020-04-05T19:38:50","date_gmt":"2020-04-05T17:38:50","guid":{"rendered":"http:\/\/www.malermeister-widdecke.de\/mw\/?page_id=2330"},"modified":"2020-04-05T21:52:28","modified_gmt":"2020-04-05T19:52:28","slug":"spachteltechnik","status":"publish","type":"page","link":"http:\/\/www.malermeister-widdecke.de\/mw\/innenraeume\/spachteltechnik\/","title":{"rendered":"Spachteltechnik"},"content":{"rendered":"<p>[vc_row equal_height=&#8220;yes&#8220; content_placement=&#8220;top&#8220; type=&#8220;vc_default&#8220; margin_top=&#8220;5&#8243; margin_bottom=&#8220;10&#8243; css=&#8220;.vc_custom_1529513148816{padding-top: 70px !important;padding-bottom: 30px !important;}&#8220;][vc_column offset=&#8220;vc_col-lg-offset-2 vc_col-lg-8 vc_col-md-offset-1 vc_col-md-10&#8243;]<div id=\"ultimate-heading-774469e73f0a22c05\" class=\"uvc-heading ult-adjust-bottom-margin ultimate-heading-774469e73f0a22c05 uvc-3134 accent-border-color\" data-hspacer=\"no_spacer\"  data-halign=\"center\" style=\"text-align:center\"><div class=\"uvc-heading-spacer no_spacer\" style=\"top\"><\/div><div class=\"uvc-main-heading ult-responsive\"  data-ultimate-target='.uvc-heading.ultimate-heading-774469e73f0a22c05 h1'  data-responsive-json-new='{\"font-size\":\"desktop:44px;tablet_portrait:30px;\",\"line-height\":\"desktop:54px;tablet_portrait:40px;\"}' ><h1 style=\"font-weight:bold;margin-bottom:10px;\">Spachteltechnik<\/h1><\/div><\/div>[\/vc_column][vc_column][vc_row_inner equal_height=&#8220;yes&#8220; content_placement=&#8220;top&#8220;][vc_column_inner width=&#8220;1\/2&#8243; css=&#8220;.vc_custom_1491746397816{padding-bottom: 50px !important;}&#8220;][vc_column_text]Die Wandgestaltung ist eine der \u00e4ltesten Formen menschlicher Dekoration. Schon bei den Steinzeitmenschen finden sich die H\u00f6hlenmalereien und \u00fcber die Jahrtausende wurden zahlreiche Techniken und Gegenst\u00e4nde entwickelt, mit denen die W\u00e4nde auf verschiedene Weise\u00a0<span class=\"vm-hook-outer vm-hook-default\"><span class=\"vm-hook\">ansprechend<\/span><\/span>\u00a0in Szene gesetzt werden k\u00f6nnen. Eine der \u00e4ltesten Formen ist die sogenannte Spachteltechnik, bei der Spachtelmasse auf die Wand aufgetragen und anschlie\u00dfend dekorativ bearbeitet wird.<\/p>\n<p>Sie wollen Ihrem\u00a0<span class=\"vm-hook-outer vm-hook-default\"><span class=\"vm-hook\">Wohnzimmer<\/span><\/span>\u00a0einen frischen Stil verpassen, doch klassische Farbe ist zu langweilig? Die Spachteltechnik bietet sich f\u00fcr diesen Grund bestens an, denn bei dieser wird nicht nur Wandfarbe aufgetragen, sondern die Struktur der Oberfl\u00e4che ver\u00e4ndert. Das sorgt je nach angewandter Technik und Farbkombination f\u00fcr einen einzigartigen Stil, der sich ansprechend ins Wohnambiente integrieren l\u00e4sst und f\u00fcr einen komplett anderen Charakter als herk\u00f6mmliche Wandfarbe sorgt. H\u00e4ufig wirkt diese Form des Spachtelns schwieriger als es eigentlich ist, weil das Endergebnis \u00e4u\u00dferst kunstvoll und elegant wirkt. Das ist es, was die Technik gleichzeitig so beliebt macht.[\/vc_column_text][\/vc_column_inner][vc_column_inner width=&#8220;1\/2&#8243; css=&#8220;.vc_custom_1491746388981{padding-bottom: 50px !important;}&#8220;]<style type=\"text\/css\" data-type=\"the7_shortcodes-inline-css\">.shortcode-single-image-wrap.shortcode-single-image-f801aef08ae9ce92761e2b2d6134ac4a.enable-bg-rollover .rollover i,\n.shortcode-single-image-wrap.shortcode-single-image-f801aef08ae9ce92761e2b2d6134ac4a.enable-bg-rollover .rollover-video i {\n  background: ;\n  background: -webkit-linear-gradient();\n  background: linear-gradient();\n}\n.shortcode-single-image-wrap.shortcode-single-image-f801aef08ae9ce92761e2b2d6134ac4a .rollover-icon {\n  font-size: 32px;\n  color: #ffffff;\n  min-width: 44px;\n  min-height: 44px;\n  line-height: 44px;\n  border-radius: 100px;\n  border-style: solid;\n  border-width: 0px;\n}\n.dt-icon-bg-on.shortcode-single-image-wrap.shortcode-single-image-f801aef08ae9ce92761e2b2d6134ac4a .rollover-icon {\n  background: rgba(255,255,255,0.3);\n  box-shadow: none;\n}\n<\/style><div class=\"shortcode-single-image-wrap shortcode-single-image-f801aef08ae9ce92761e2b2d6134ac4a alignnone  enable-bg-rollover dt-icon-bg-off\" style=\"margin-top:0px; margin-bottom:0px; margin-left:0px; margin-right:0px; width:500px;\"><div class=\"shortcode-single-image\"><div class=\"fancy-media-wrap\" style=\"\"><a class=\"layzr-bg rollover rollover-zoom dt-pswp-item pswp-image\" href=\"http:\/\/www.malermeister-widdecke.de\/mw\/wp-content\/uploads\/2020\/04\/Spachteltechnik.jpg\" title=\"Spachteltechnik\" data-dt-img-description=\"\" data-large_image_width=\"420\" data-large_image_height = \"672\"  style=\"\"><img class=\"preload-me lazy-load\" src=\"data:image\/svg+xml,%3Csvg%20xmlns%3D&#39;http%3A%2F%2Fwww.w3.org%2F2000%2Fsvg&#39;%20viewBox%3D&#39;0%200%20420%20672&#39;%2F%3E\" data-src=\"http:\/\/www.malermeister-widdecke.de\/mw\/wp-content\/uploads\/2020\/04\/Spachteltechnik.jpg\" data-srcset=\"http:\/\/www.malermeister-widdecke.de\/mw\/wp-content\/uploads\/2020\/04\/Spachteltechnik.jpg 420w\" width=\"420\" height=\"672\"  data-dt-location=\"http:\/\/www.malermeister-widdecke.de\/mw\/innenraeume\/spachteltechnik\/spachteltechnik-2\/\" alt=\"\" \/><\/a><\/div><\/div><\/div>[\/vc_column_inner][\/vc_row_inner][\/vc_column][\/vc_row]<\/p>\n","protected":false},"excerpt":{"rendered":"<p>[vc_row equal_height=&#8220;yes&#8220; content_placement=&#8220;top&#8220; type=&#8220;vc_default&#8220; margin_top=&#8220;5&#8243; margin_bottom=&#8220;10&#8243; css=&#8220;.vc_custom_1529513148816{padding-top: 70px !important;padding-bottom: 30px !important;}&#8220;][vc_column offset=&#8220;vc_col-lg-offset-2 vc_col-lg-8 vc_col-md-offset-1 vc_col-md-10&#8243;][\/vc_column][vc_column][vc_row_inner equal_height=&#8220;yes&#8220; content_placement=&#8220;top&#8220;][vc_column_inner width=&#8220;1\/2&#8243; css=&#8220;.vc_custom_1491746397816{padding-bottom: 50px !important;}&#8220;][vc_column_text]Die Wandgestaltung ist eine der \u00e4ltesten Formen menschlicher Dekoration. Schon bei den Steinzeitmenschen finden sich die H\u00f6hlenmalereien und \u00fcber die Jahrtausende wurden zahlreiche Techniken und Gegenst\u00e4nde entwickelt, mit denen die W\u00e4nde auf verschiedene Weise\u00a0ansprechend\u00a0in Szene&hellip;<\/p>\n","protected":false},"author":1,"featured_media":0,"parent":47,"menu_order":24,"comment_status":"closed","ping_status":"closed","template":"","meta":[],"_links":{"self":[{"href":"http:\/\/www.malermeister-widdecke.de\/mw\/wp-json\/wp\/v2\/pages\/2330"}],"collection":[{"href":"http:\/\/www.malermeister-widdecke.de\/mw\/wp-json\/wp\/v2\/pages"}],"about":[{"href":"http:\/\/www.malermeister-widdecke.de\/mw\/wp-json\/wp\/v2\/types\/page"}],"author":[{"embeddable":true,"href":"http:\/\/www.malermeister-widdecke.de\/mw\/wp-json\/wp\/v2\/users\/1"}],"replies":[{"embeddable":true,"href":"http:\/\/www.malermeister-widdecke.de\/mw\/wp-json\/wp\/v2\/comments?post=2330"}],"version-history":[{"count":3,"href":"http:\/\/www.malermeister-widdecke.de\/mw\/wp-json\/wp\/v2\/pages\/2330\/revisions"}],"predecessor-version":[{"id":2374,"href":"http:\/\/www.malermeister-widdecke.de\/mw\/wp-json\/wp\/v2\/pages\/2330\/revisions\/2374"}],"up":[{"embeddable":true,"href":"http:\/\/www.malermeister-widdecke.de\/mw\/wp-json\/wp\/v2\/pages\/47"}],"wp:attachment":[{"href":"http:\/\/www.malermeister-widdecke.de\/mw\/wp-json\/wp\/v2\/media?parent=2330"}],"curies":[{"name":"wp","href":"https:\/\/api.w.org\/{rel}","templated":true}]}}