{"id":2332,"date":"2020-04-05T19:39:17","date_gmt":"2020-04-05T17:39:17","guid":{"rendered":"http:\/\/www.malermeister-widdecke.de\/mw\/?page_id=2332"},"modified":"2020-04-05T22:01:04","modified_gmt":"2020-04-05T20:01:04","slug":"tapeten","status":"publish","type":"page","link":"http:\/\/www.malermeister-widdecke.de\/mw\/innenraeume\/tapeten\/","title":{"rendered":"Tapeten"},"content":{"rendered":"<p>[vc_row equal_height=&#8220;yes&#8220; content_placement=&#8220;top&#8220; type=&#8220;vc_default&#8220; margin_top=&#8220;5&#8243; margin_bottom=&#8220;10&#8243; css=&#8220;.vc_custom_1529513148816{padding-top: 70px !important;padding-bottom: 30px !important;}&#8220;][vc_column offset=&#8220;vc_col-lg-offset-2 vc_col-lg-8 vc_col-md-offset-1 vc_col-md-10&#8243;]<div id=\"ultimate-heading-43569f41788001ba\" class=\"uvc-heading ult-adjust-bottom-margin ultimate-heading-43569f41788001ba uvc-1039 accent-border-color\" data-hspacer=\"no_spacer\"  data-halign=\"center\" style=\"text-align:center\"><div class=\"uvc-heading-spacer no_spacer\" style=\"top\"><\/div><div class=\"uvc-main-heading ult-responsive\"  data-ultimate-target='.uvc-heading.ultimate-heading-43569f41788001ba h1'  data-responsive-json-new='{\"font-size\":\"desktop:44px;tablet_portrait:30px;\",\"line-height\":\"desktop:54px;tablet_portrait:40px;\"}' ><h1 style=\"font-weight:bold;margin-bottom:10px;\">Tapeten<\/h1><\/div><\/div>[\/vc_column][vc_column][vc_row_inner equal_height=&#8220;yes&#8220; content_placement=&#8220;top&#8220;][vc_column_inner width=&#8220;1\/2&#8243; css=&#8220;.vc_custom_1491746397816{padding-bottom: 50px !important;}&#8220;]<style type=\"text\/css\" data-type=\"the7_shortcodes-inline-css\">.shortcode-single-image-wrap.shortcode-single-image-522c01cf74568e29e5acb05280d9a768.enable-bg-rollover .rollover i,\n.shortcode-single-image-wrap.shortcode-single-image-522c01cf74568e29e5acb05280d9a768.enable-bg-rollover .rollover-video i {\n  background: ;\n  background: -webkit-linear-gradient();\n  background: linear-gradient();\n}\n.shortcode-single-image-wrap.shortcode-single-image-522c01cf74568e29e5acb05280d9a768 .rollover-icon {\n  font-size: 32px;\n  color: #ffffff;\n  min-width: 44px;\n  min-height: 44px;\n  line-height: 44px;\n  border-radius: 100px;\n  border-style: solid;\n  border-width: 0px;\n}\n.dt-icon-bg-on.shortcode-single-image-wrap.shortcode-single-image-522c01cf74568e29e5acb05280d9a768 .rollover-icon {\n  background: rgba(255,255,255,0.3);\n  box-shadow: none;\n}\n<\/style><div class=\"shortcode-single-image-wrap shortcode-single-image-522c01cf74568e29e5acb05280d9a768 alignnone  enable-bg-rollover dt-icon-bg-off\" style=\"margin-top:0px; margin-bottom:0px; margin-left:0px; margin-right:0px; width:500px;\"><div class=\"shortcode-single-image\"><div class=\"fancy-media-wrap\" style=\"\"><a class=\"layzr-bg rollover rollover-zoom dt-pswp-item pswp-image\" href=\"http:\/\/www.malermeister-widdecke.de\/mw\/wp-content\/uploads\/2020\/04\/Tapete.jpg\" title=\"Tapete\" data-dt-img-description=\"\" data-large_image_width=\"518\" data-large_image_height = \"733\"  style=\"\"><img class=\"preload-me lazy-load\" src=\"data:image\/svg+xml,%3Csvg%20xmlns%3D&#39;http%3A%2F%2Fwww.w3.org%2F2000%2Fsvg&#39;%20viewBox%3D&#39;0%200%20500%20707&#39;%2F%3E\" data-src=\"http:\/\/www.malermeister-widdecke.de\/mw\/wp-content\/uploads\/2020\/04\/Tapete-500x707.jpg\" data-srcset=\"http:\/\/www.malermeister-widdecke.de\/mw\/wp-content\/uploads\/2020\/04\/Tapete-500x707.jpg 500w, http:\/\/www.malermeister-widdecke.de\/mw\/wp-content\/uploads\/2020\/04\/Tapete.jpg 518w\" width=\"500\" height=\"707\"  data-dt-location=\"http:\/\/www.malermeister-widdecke.de\/mw\/innenraeume\/tapeten\/tapete\/\" alt=\"\" \/><\/a><\/div><\/div><\/div>[\/vc_column_inner][vc_column_inner width=&#8220;1\/2&#8243; css=&#8220;.vc_custom_1491746388981{padding-bottom: 50px !important;}&#8220;][vc_column_text]Die\u00a0Tapete\u00a0(von\u00a0lateinisch \u00a0<i>tapetum<\/i>\u00a0bzw.\u00a0mittellateinisch\u00a0<i>tapeta<\/i>\u00a0= Decke, Teppich) ist eine Wandbekleidung aus\u00a0Papier, Glasgewebe oder\u00a0Kunststoff, seltener auch aus Goldleder,\u00a0Leder\u00a0oder\u00a0Leinwand, die mittels geeignetem\u00a0Klebstoff\u00a0auf die\u00a0Wand\u00a0geklebt wird. Tapeziert (im Fachjargon und traditionell\u00a0<i>spalieren<\/i>\u00a0genannt) werden k\u00f6nnen trockene Innenr\u00e4ume von Geb\u00e4uden, Messekojen, Schaufenster, B\u00fchnen jedoch auch das Innere von K\u00e4sten und Schubladen aus Holz oder Schachteln aus Karton. B\u00fchnenrequisiten und Ausstellungspodeste mit planen oder nur einachsig gekr\u00fcmmten Fl\u00e4chen werden h\u00e4ufig auch au\u00dfen tapeziert.<\/p>\n<p>In vielen\u00a0Industrienationen\u00a0ist die Tapete in den Wohnungen weit verbreitet. Sie vermittelt einerseits ein Gef\u00fchl von Behaglichkeit und W\u00e4rme, andererseits einen Eindruck von der\u00a0Pers\u00f6nlichkeit der Bewohner, da aufgrund der erh\u00e4ltlichen Vielfalt an Motiven jeder seine Wohnung nach \u201eseinem Geschmack\u201c gestalten kann. W\u00e4hrend in Deutschland in den 1970er Jahren bunte Tapeten \u00fcberwogen, ging seit den 1980er Jahren allerdings der Trend weg von der Tapete hin zu wei\u00df gestrichenen W\u00e4nden.[\/vc_column_text][\/vc_column_inner][\/vc_row_inner][\/vc_column][\/vc_row]<\/p>\n","protected":false},"excerpt":{"rendered":"<p>[vc_row equal_height=&#8220;yes&#8220; content_placement=&#8220;top&#8220; type=&#8220;vc_default&#8220; margin_top=&#8220;5&#8243; margin_bottom=&#8220;10&#8243; css=&#8220;.vc_custom_1529513148816{padding-top: 70px !important;padding-bottom: 30px !important;}&#8220;][vc_column offset=&#8220;vc_col-lg-offset-2 vc_col-lg-8 vc_col-md-offset-1 vc_col-md-10&#8243;][\/vc_column][vc_column][vc_row_inner equal_height=&#8220;yes&#8220; content_placement=&#8220;top&#8220;][vc_column_inner width=&#8220;1\/2&#8243; css=&#8220;.vc_custom_1491746397816{padding-bottom: 50px !important;}&#8220;][\/vc_column_inner][vc_column_inner width=&#8220;1\/2&#8243; css=&#8220;.vc_custom_1491746388981{padding-bottom: 50px !important;}&#8220;][vc_column_text]Die\u00a0Tapete\u00a0(von\u00a0lateinisch \u00a0tapetum\u00a0bzw.\u00a0mittellateinisch\u00a0tapeta\u00a0= Decke, Teppich) ist eine Wandbekleidung aus\u00a0Papier, Glasgewebe oder\u00a0Kunststoff, seltener auch aus Goldleder,\u00a0Leder\u00a0oder\u00a0Leinwand, die mittels geeignetem\u00a0Klebstoff\u00a0auf die\u00a0Wand\u00a0geklebt wird. Tapeziert (im Fachjargon und traditionell\u00a0spalieren\u00a0genannt) werden k\u00f6nnen trockene Innenr\u00e4ume von Geb\u00e4uden, Messekojen,&hellip;<\/p>\n","protected":false},"author":1,"featured_media":0,"parent":47,"menu_order":25,"comment_status":"closed","ping_status":"closed","template":"","meta":[],"_links":{"self":[{"href":"http:\/\/www.malermeister-widdecke.de\/mw\/wp-json\/wp\/v2\/pages\/2332"}],"collection":[{"href":"http:\/\/www.malermeister-widdecke.de\/mw\/wp-json\/wp\/v2\/pages"}],"about":[{"href":"http:\/\/www.malermeister-widdecke.de\/mw\/wp-json\/wp\/v2\/types\/page"}],"author":[{"embeddable":true,"href":"http:\/\/www.malermeister-widdecke.de\/mw\/wp-json\/wp\/v2\/users\/1"}],"replies":[{"embeddable":true,"href":"http:\/\/www.malermeister-widdecke.de\/mw\/wp-json\/wp\/v2\/comments?post=2332"}],"version-history":[{"count":2,"href":"http:\/\/www.malermeister-widdecke.de\/mw\/wp-json\/wp\/v2\/pages\/2332\/revisions"}],"predecessor-version":[{"id":2376,"href":"http:\/\/www.malermeister-widdecke.de\/mw\/wp-json\/wp\/v2\/pages\/2332\/revisions\/2376"}],"up":[{"embeddable":true,"href":"http:\/\/www.malermeister-widdecke.de\/mw\/wp-json\/wp\/v2\/pages\/47"}],"wp:attachment":[{"href":"http:\/\/www.malermeister-widdecke.de\/mw\/wp-json\/wp\/v2\/media?parent=2332"}],"curies":[{"name":"wp","href":"https:\/\/api.w.org\/{rel}","templated":true}]}}