{"id":2334,"date":"2020-04-05T19:39:50","date_gmt":"2020-04-05T17:39:50","guid":{"rendered":"http:\/\/www.malermeister-widdecke.de\/mw\/?page_id=2334"},"modified":"2020-04-05T22:10:32","modified_gmt":"2020-04-05T20:10:32","slug":"farben","status":"publish","type":"page","link":"http:\/\/www.malermeister-widdecke.de\/mw\/innenraeume\/farben\/","title":{"rendered":"Farben"},"content":{"rendered":"<p>[vc_row equal_height=&#8220;yes&#8220; content_placement=&#8220;top&#8220; type=&#8220;vc_default&#8220; margin_top=&#8220;5&#8243; margin_bottom=&#8220;10&#8243; css=&#8220;.vc_custom_1529513148816{padding-top: 70px !important;padding-bottom: 30px !important;}&#8220;][vc_column offset=&#8220;vc_col-lg-offset-2 vc_col-lg-8 vc_col-md-offset-1 vc_col-md-10&#8243;]<div id=\"ultimate-heading-176369f416c81a085\" class=\"uvc-heading ult-adjust-bottom-margin ultimate-heading-176369f416c81a085 uvc-9849 accent-border-color\" data-hspacer=\"no_spacer\"  data-halign=\"center\" style=\"text-align:center\"><div class=\"uvc-heading-spacer no_spacer\" style=\"top\"><\/div><div class=\"uvc-main-heading ult-responsive\"  data-ultimate-target='.uvc-heading.ultimate-heading-176369f416c81a085 h1'  data-responsive-json-new='{\"font-size\":\"desktop:44px;tablet_portrait:30px;\",\"line-height\":\"desktop:54px;tablet_portrait:40px;\"}' ><h1 style=\"font-weight:bold;margin-bottom:10px;\">Farben<\/h1><\/div><\/div>[\/vc_column][vc_column][vc_row_inner equal_height=&#8220;yes&#8220; content_placement=&#8220;top&#8220;][vc_column_inner width=&#8220;1\/2&#8243; css=&#8220;.vc_custom_1491746397816{padding-bottom: 50px !important;}&#8220;][vc_column_text]Dispersionsfarben\u00a0sind z\u00e4h- bis d\u00fcnnfl\u00fcssige\u00a0Anstrichstoffe. Sie bestehen aus einer\u00a0Dispersion\u00a0(meistens einer\u00a0Emulsion) aus F\u00fcllstoffen,\u00a0Binde-\u00a0und\u00a0L\u00f6sungsmitteln,\u00a0Pigmenten\u00a0und\u00a0Zusatzstoffen. In diesem allgemeinen Sinn handelt es sich bei der Mehrzahl der fl\u00fcssigen Anstriche (Lacke, Farben) um Dispersionen.\u00a0Umgangssprachlich\u00a0ist damit handels\u00fcbliche Wandfarbe gemeint, wie sie in jedem\u00a0Baumarkt\u00a0zumeist unter dem Begriff\u00a0<i>Binderfarbe<\/i>\u00a0zu kaufen ist. Meist sind es\u00a0<i>Acryl- oder Kunstharzdispersionfarben<\/i>.<\/p>\n<p>Daneben gibt es auf dem Markt noch \u00e4hnlich aufgebaute Produkte, die statt\u00a0synthetischen\u00a0und\u00a0mineral\u00f6lhaltigen\u00a0Zutaten vor allem\u00a0Pflanzen\u00f6le\u00a0verwenden und als\u00a0<i>Naturdispersionsfarben<\/i> bezeichnet werden.<\/p>\n<p>Kunstharzdispersionsanstriche (auch Kunststoffdispersionsanstriche, -farben, oder -dispersionen) sind Wandanstriche, die in der Regel aus einer Dispersion von\u00a0Kunstharz\u00a0und\u00a0Wasser\u00a0bestehen. F\u00fcr den Innenbereich sind sie in der\u00a0DIN EN 13300\u00a0normiert, solche f\u00fcr den Au\u00dfenbereich in der\u00a0DIN EN 1062.[\/vc_column_text][\/vc_column_inner][vc_column_inner width=&#8220;1\/2&#8243; css=&#8220;.vc_custom_1491746388981{padding-bottom: 50px !important;}&#8220;]<style type=\"text\/css\" data-type=\"the7_shortcodes-inline-css\">.shortcode-single-image-wrap.shortcode-single-image-d257b2b3d9d4d37a78a4e58c55e8c40d.enable-bg-rollover .rollover i,\n.shortcode-single-image-wrap.shortcode-single-image-d257b2b3d9d4d37a78a4e58c55e8c40d.enable-bg-rollover .rollover-video i {\n  background: ;\n  background: -webkit-linear-gradient();\n  background: linear-gradient();\n}\n.shortcode-single-image-wrap.shortcode-single-image-d257b2b3d9d4d37a78a4e58c55e8c40d .rollover-icon {\n  font-size: 32px;\n  color: #ffffff;\n  min-width: 44px;\n  min-height: 44px;\n  line-height: 44px;\n  border-radius: 100px;\n  border-style: solid;\n  border-width: 0px;\n}\n.dt-icon-bg-on.shortcode-single-image-wrap.shortcode-single-image-d257b2b3d9d4d37a78a4e58c55e8c40d .rollover-icon {\n  background: rgba(255,255,255,0.3);\n  box-shadow: none;\n}\n<\/style><div class=\"shortcode-single-image-wrap shortcode-single-image-d257b2b3d9d4d37a78a4e58c55e8c40d alignnone  enable-bg-rollover dt-icon-bg-off\" style=\"margin-top:0px; margin-bottom:0px; margin-left:0px; margin-right:0px; width:500px;\"><div class=\"shortcode-single-image\"><div class=\"fancy-media-wrap\" style=\"\"><a class=\"layzr-bg rollover rollover-zoom dt-pswp-item pswp-image\" href=\"http:\/\/www.malermeister-widdecke.de\/mw\/wp-content\/uploads\/2020\/04\/Farben.jpg\" title=\"Farben\" data-dt-img-description=\"\" data-large_image_width=\"374\" data-large_image_height = \"555\"  style=\"\"><img class=\"preload-me lazy-load\" src=\"data:image\/svg+xml,%3Csvg%20xmlns%3D&#39;http%3A%2F%2Fwww.w3.org%2F2000%2Fsvg&#39;%20viewBox%3D&#39;0%200%20374%20554&#39;%2F%3E\" data-src=\"http:\/\/www.malermeister-widdecke.de\/mw\/wp-content\/uploads\/2020\/04\/Farben.jpg\" data-srcset=\"http:\/\/www.malermeister-widdecke.de\/mw\/wp-content\/uploads\/2020\/04\/Farben.jpg 374w\" width=\"374\" height=\"554\"  data-dt-location=\"http:\/\/www.malermeister-widdecke.de\/mw\/innenraeume\/farben\/farben-2\/\" alt=\"\" \/><\/a><\/div><\/div><\/div>[\/vc_column_inner][\/vc_row_inner][\/vc_column][\/vc_row]<\/p>\n","protected":false},"excerpt":{"rendered":"<p>[vc_row equal_height=&#8220;yes&#8220; content_placement=&#8220;top&#8220; type=&#8220;vc_default&#8220; margin_top=&#8220;5&#8243; margin_bottom=&#8220;10&#8243; css=&#8220;.vc_custom_1529513148816{padding-top: 70px !important;padding-bottom: 30px !important;}&#8220;][vc_column offset=&#8220;vc_col-lg-offset-2 vc_col-lg-8 vc_col-md-offset-1 vc_col-md-10&#8243;][\/vc_column][vc_column][vc_row_inner equal_height=&#8220;yes&#8220; content_placement=&#8220;top&#8220;][vc_column_inner width=&#8220;1\/2&#8243; css=&#8220;.vc_custom_1491746397816{padding-bottom: 50px !important;}&#8220;][vc_column_text]Dispersionsfarben\u00a0sind z\u00e4h- bis d\u00fcnnfl\u00fcssige\u00a0Anstrichstoffe. Sie bestehen aus einer\u00a0Dispersion\u00a0(meistens einer\u00a0Emulsion) aus F\u00fcllstoffen,\u00a0Binde-\u00a0und\u00a0L\u00f6sungsmitteln,\u00a0Pigmenten\u00a0und\u00a0Zusatzstoffen. In diesem allgemeinen Sinn handelt es sich bei der Mehrzahl der fl\u00fcssigen Anstriche (Lacke, Farben) um Dispersionen.\u00a0Umgangssprachlich\u00a0ist damit handels\u00fcbliche Wandfarbe gemeint, wie sie in&hellip;<\/p>\n","protected":false},"author":1,"featured_media":0,"parent":47,"menu_order":26,"comment_status":"closed","ping_status":"closed","template":"","meta":[],"_links":{"self":[{"href":"http:\/\/www.malermeister-widdecke.de\/mw\/wp-json\/wp\/v2\/pages\/2334"}],"collection":[{"href":"http:\/\/www.malermeister-widdecke.de\/mw\/wp-json\/wp\/v2\/pages"}],"about":[{"href":"http:\/\/www.malermeister-widdecke.de\/mw\/wp-json\/wp\/v2\/types\/page"}],"author":[{"embeddable":true,"href":"http:\/\/www.malermeister-widdecke.de\/mw\/wp-json\/wp\/v2\/users\/1"}],"replies":[{"embeddable":true,"href":"http:\/\/www.malermeister-widdecke.de\/mw\/wp-json\/wp\/v2\/comments?post=2334"}],"version-history":[{"count":3,"href":"http:\/\/www.malermeister-widdecke.de\/mw\/wp-json\/wp\/v2\/pages\/2334\/revisions"}],"predecessor-version":[{"id":2379,"href":"http:\/\/www.malermeister-widdecke.de\/mw\/wp-json\/wp\/v2\/pages\/2334\/revisions\/2379"}],"up":[{"embeddable":true,"href":"http:\/\/www.malermeister-widdecke.de\/mw\/wp-json\/wp\/v2\/pages\/47"}],"wp:attachment":[{"href":"http:\/\/www.malermeister-widdecke.de\/mw\/wp-json\/wp\/v2\/media?parent=2334"}],"curies":[{"name":"wp","href":"https:\/\/api.w.org\/{rel}","templated":true}]}}