{"id":2340,"date":"2020-04-05T19:41:29","date_gmt":"2020-04-05T17:41:29","guid":{"rendered":"http:\/\/www.malermeister-widdecke.de\/mw\/?page_id=2340"},"modified":"2020-04-05T23:12:03","modified_gmt":"2020-04-05T21:12:03","slug":"laminat","status":"publish","type":"page","link":"http:\/\/www.malermeister-widdecke.de\/mw\/technologies\/laminat\/","title":{"rendered":"Laminat"},"content":{"rendered":"<p>[vc_row equal_height=&#8220;yes&#8220; content_placement=&#8220;top&#8220; type=&#8220;vc_default&#8220; margin_top=&#8220;5&#8243; margin_bottom=&#8220;10&#8243; css=&#8220;.vc_custom_1529513148816{padding-top: 70px !important;padding-bottom: 30px !important;}&#8220;][vc_column offset=&#8220;vc_col-lg-offset-2 vc_col-lg-8 vc_col-md-offset-1 vc_col-md-10&#8243;]<div id=\"ultimate-heading-7696a0a3092a2420\" class=\"uvc-heading ult-adjust-bottom-margin ultimate-heading-7696a0a3092a2420 uvc-5775 accent-border-color\" data-hspacer=\"no_spacer\"  data-halign=\"center\" style=\"text-align:center\"><div class=\"uvc-heading-spacer no_spacer\" style=\"top\"><\/div><div class=\"uvc-main-heading ult-responsive\"  data-ultimate-target='.uvc-heading.ultimate-heading-7696a0a3092a2420 h1'  data-responsive-json-new='{\"font-size\":\"desktop:44px;tablet_portrait:30px;\",\"line-height\":\"desktop:54px;tablet_portrait:40px;\"}' ><h1 style=\"font-weight:bold;margin-bottom:10px;\">Laminat<\/h1><\/div><\/div>[\/vc_column][vc_column][vc_row_inner equal_height=&#8220;yes&#8220; content_placement=&#8220;top&#8220;][vc_column_inner width=&#8220;1\/2&#8243; css=&#8220;.vc_custom_1491746397816{padding-bottom: 50px !important;}&#8220;]<style type=\"text\/css\" data-type=\"the7_shortcodes-inline-css\">.shortcode-single-image-wrap.shortcode-single-image-323859505215c2d52bc4010db112c851.enable-bg-rollover .rollover i,\n.shortcode-single-image-wrap.shortcode-single-image-323859505215c2d52bc4010db112c851.enable-bg-rollover .rollover-video i {\n  background: ;\n  background: -webkit-linear-gradient();\n  background: linear-gradient();\n}\n.shortcode-single-image-wrap.shortcode-single-image-323859505215c2d52bc4010db112c851 .rollover-icon {\n  font-size: 32px;\n  color: #ffffff;\n  min-width: 44px;\n  min-height: 44px;\n  line-height: 44px;\n  border-radius: 100px;\n  border-style: solid;\n  border-width: 0px;\n}\n.dt-icon-bg-on.shortcode-single-image-wrap.shortcode-single-image-323859505215c2d52bc4010db112c851 .rollover-icon {\n  background: rgba(255,255,255,0.3);\n  box-shadow: none;\n}\n<\/style><div class=\"shortcode-single-image-wrap shortcode-single-image-323859505215c2d52bc4010db112c851 alignnone  enable-bg-rollover dt-icon-bg-off\" style=\"margin-top:0px; margin-bottom:0px; margin-left:0px; margin-right:0px; width:500px;\"><div class=\"shortcode-single-image\"><div class=\"fancy-media-wrap\" style=\"\"><a class=\"layzr-bg rollover rollover-zoom dt-pswp-item pswp-image\" href=\"http:\/\/www.malermeister-widdecke.de\/mw\/wp-content\/uploads\/2020\/04\/Laminat.jpg\" title=\"Laminat\" data-dt-img-description=\"\" data-large_image_width=\"417\" data-large_image_height = \"626\"  style=\"\"><img class=\"preload-me lazy-load\" src=\"data:image\/svg+xml,%3Csvg%20xmlns%3D&#39;http%3A%2F%2Fwww.w3.org%2F2000%2Fsvg&#39;%20viewBox%3D&#39;0%200%20416%20625&#39;%2F%3E\" data-src=\"http:\/\/www.malermeister-widdecke.de\/mw\/wp-content\/uploads\/2020\/04\/Laminat.jpg\" data-srcset=\"http:\/\/www.malermeister-widdecke.de\/mw\/wp-content\/uploads\/2020\/04\/Laminat.jpg 416w\" width=\"416\" height=\"625\"  data-dt-location=\"http:\/\/www.malermeister-widdecke.de\/mw\/technologies\/laminat\/laminat-2\/\" alt=\"\" \/><\/a><\/div><\/div><\/div>[\/vc_column_inner][vc_column_inner width=&#8220;1\/2&#8243; css=&#8220;.vc_custom_1491746388981{padding-bottom: 50px !important;}&#8220;][vc_column_text]Als Laminat (\u00a0von\u00a0lateinisch\u00a0<span lang=\"la-Latn\">lamina<\/span>\u00a0\u201aSchicht\u2018) bezeichnet man einen Werkstoff oder ein Produkt, das aus zwei oder mehreren fl\u00e4chig miteinander verklebten Schichten besteht. Diese Schichten k\u00f6nnen aus gleichen oder unterschiedlichen Materialien bestehen. Die Herstellung eines Laminats bezeichnet man als laminieren.<\/p>\n<p><i>Laminatfu\u00dfb\u00f6den<\/i>\u00a0imitieren das Aussehen eines hochwertigen Bodenbelages (meist\u00a0Parkett), bestehen allerdings aus einer preiswerten Tr\u00e4gerschicht, die mit einer d\u00fcnnen\u00a0Dekorschicht\u00a0verziert und versiegelt wird. Ein solcher Fu\u00dfboden ist (verglichen zum Beispiel mit Parkett oder Fliesen) sehr preiswert und leicht zu verlegen.<\/p>\n<p>Laminatfu\u00dfb\u00f6den sind in verschiedenen Paneelst\u00e4rken und mit unterschiedlicher Abriebfestigkeit\u00a0<i>(Nutzungsklasse)<\/i>\u00a0erh\u00e4ltlich. Preiswertere Laminate sind relativ d\u00fcnn, haben ein relativ einfaches Dekor und sind empfindlicher gegen Abrieb und Feuchtigkeit (besonders in den Sto\u00dfkanten zwischen zwei Paneelen). Hochwertige Laminate dagegen imitieren mit Strukturpr\u00e4gungen (zur Nachbildung einer gemaserten Holzoberfl\u00e4che) und V-Fugen zwischen den Paneelen sehr realistisch das Aussehen eines echten Parkettbodens. Aufw\u00e4ndige Oberfl\u00e4chenversiegelungen erm\u00f6glichen den Einsatz von Laminat auch auf hochbelasteten Fu\u00dfb\u00f6den wie beispielsweise in Diskotheken.<\/p>\n<p>Alle Laminatfu\u00dfb\u00f6den haben aber einen Nachteil gemeinsam: bei Besch\u00e4digungen oder Verschlei\u00df der Oberfl\u00e4che lassen sie sich nicht wie ein Massivholzparkett abschleifen, da unter der Dekorschicht sofort das Tr\u00e4germaterial freigelegt w\u00fcrde.[\/vc_column_text][\/vc_column_inner][\/vc_row_inner][\/vc_column][\/vc_row]<\/p>\n","protected":false},"excerpt":{"rendered":"<p>[vc_row equal_height=&#8220;yes&#8220; content_placement=&#8220;top&#8220; type=&#8220;vc_default&#8220; margin_top=&#8220;5&#8243; margin_bottom=&#8220;10&#8243; css=&#8220;.vc_custom_1529513148816{padding-top: 70px !important;padding-bottom: 30px !important;}&#8220;][vc_column offset=&#8220;vc_col-lg-offset-2 vc_col-lg-8 vc_col-md-offset-1 vc_col-md-10&#8243;][\/vc_column][vc_column][vc_row_inner equal_height=&#8220;yes&#8220; content_placement=&#8220;top&#8220;][vc_column_inner width=&#8220;1\/2&#8243; css=&#8220;.vc_custom_1491746397816{padding-bottom: 50px !important;}&#8220;][\/vc_column_inner][vc_column_inner width=&#8220;1\/2&#8243; css=&#8220;.vc_custom_1491746388981{padding-bottom: 50px !important;}&#8220;][vc_column_text]Als Laminat (\u00a0von\u00a0lateinisch\u00a0lamina\u00a0\u201aSchicht\u2018) bezeichnet man einen Werkstoff oder ein Produkt, das aus zwei oder mehreren fl\u00e4chig miteinander verklebten Schichten besteht. Diese Schichten k\u00f6nnen aus gleichen oder unterschiedlichen Materialien bestehen. Die Herstellung&hellip;<\/p>\n","protected":false},"author":1,"featured_media":0,"parent":2153,"menu_order":33,"comment_status":"closed","ping_status":"closed","template":"","meta":[],"_links":{"self":[{"href":"http:\/\/www.malermeister-widdecke.de\/mw\/wp-json\/wp\/v2\/pages\/2340"}],"collection":[{"href":"http:\/\/www.malermeister-widdecke.de\/mw\/wp-json\/wp\/v2\/pages"}],"about":[{"href":"http:\/\/www.malermeister-widdecke.de\/mw\/wp-json\/wp\/v2\/types\/page"}],"author":[{"embeddable":true,"href":"http:\/\/www.malermeister-widdecke.de\/mw\/wp-json\/wp\/v2\/users\/1"}],"replies":[{"embeddable":true,"href":"http:\/\/www.malermeister-widdecke.de\/mw\/wp-json\/wp\/v2\/comments?post=2340"}],"version-history":[{"count":2,"href":"http:\/\/www.malermeister-widdecke.de\/mw\/wp-json\/wp\/v2\/pages\/2340\/revisions"}],"predecessor-version":[{"id":2387,"href":"http:\/\/www.malermeister-widdecke.de\/mw\/wp-json\/wp\/v2\/pages\/2340\/revisions\/2387"}],"up":[{"embeddable":true,"href":"http:\/\/www.malermeister-widdecke.de\/mw\/wp-json\/wp\/v2\/pages\/2153"}],"wp:attachment":[{"href":"http:\/\/www.malermeister-widdecke.de\/mw\/wp-json\/wp\/v2\/media?parent=2340"}],"curies":[{"name":"wp","href":"https:\/\/api.w.org\/{rel}","templated":true}]}}