{"id":2346,"date":"2020-04-05T19:43:57","date_gmt":"2020-04-05T17:43:57","guid":{"rendered":"http:\/\/www.malermeister-widdecke.de\/mw\/?page_id=2346"},"modified":"2020-04-05T23:35:15","modified_gmt":"2020-04-05T21:35:15","slug":"teppich","status":"publish","type":"page","link":"http:\/\/www.malermeister-widdecke.de\/mw\/technologies\/teppich\/","title":{"rendered":"Teppich"},"content":{"rendered":"<p>[vc_row equal_height=&#8220;yes&#8220; content_placement=&#8220;top&#8220; type=&#8220;vc_default&#8220; margin_top=&#8220;5&#8243; margin_bottom=&#8220;10&#8243; css=&#8220;.vc_custom_1529513148816{padding-top: 70px !important;padding-bottom: 30px !important;}&#8220;][vc_column offset=&#8220;vc_col-lg-offset-2 vc_col-lg-8 vc_col-md-offset-1 vc_col-md-10&#8243;]<div id=\"ultimate-heading-49826a0a30a972a93\" class=\"uvc-heading ult-adjust-bottom-margin ultimate-heading-49826a0a30a972a93 uvc-5502 accent-border-color\" data-hspacer=\"no_spacer\"  data-halign=\"center\" style=\"text-align:center\"><div class=\"uvc-heading-spacer no_spacer\" style=\"top\"><\/div><div class=\"uvc-main-heading ult-responsive\"  data-ultimate-target='.uvc-heading.ultimate-heading-49826a0a30a972a93 h1'  data-responsive-json-new='{\"font-size\":\"desktop:44px;tablet_portrait:30px;\",\"line-height\":\"desktop:54px;tablet_portrait:40px;\"}' ><h1 style=\"font-weight:bold;margin-bottom:10px;\">Teppich<\/h1><\/div><\/div>[\/vc_column][vc_column][vc_row_inner equal_height=&#8220;yes&#8220; content_placement=&#8220;top&#8220;][vc_column_inner width=&#8220;1\/2&#8243; css=&#8220;.vc_custom_1491746397816{padding-bottom: 50px !important;}&#8220;][vc_column_text]Ein\u00a0Teppich\u00a0(\u00fcber das Romanische wie volkslateinisch\u00a0<i>tapetum<\/i>\/<i>tapeta<\/i>\u00a0und\u00a0altgr<a class=\"mw-redirect\" title=\"Altgriechisch\" href=\"https:\/\/de.wikipedia.org\/wiki\/Altgriechisch\">.<\/a>\u00a0\u03c4\u03ac\u03c0\u03b7\u03c2\u00a0<i>t\u00e1p\u0113s<\/i>\u00a0verwandt mit persisch\u00a0<i>t\u00e4ftan<\/i>, \u201aspinnen\u2018<sup id=\"cite_ref-1\" class=\"reference\"><\/sup>) ist ein\u00a0textiles\u00a0Fl\u00e4chengebilde von begrenzter Abmessung, das\u00a0gekn\u00fcpft,\u00a0gewebt, gewirkt oder\u00a0getuftet\u00a0sein kann und meist\u00a0gemustert\u00a0ist. W\u00e4hrend in\u00a0Europa\u00a0heute unter Teppichen ausschlie\u00dflich textile Bodenbel\u00e4ge verstanden werden, bezeichnet der Begriff im\u00a0Nahen Osten\u00a0(Orient) bis heute alle Arten von flachen Textilien, die zum Bedecken von W\u00e4nden (die sp\u00e4teren\u00a0Tapeten), Tischen und Fu\u00dfb\u00f6den dienen. Nach dem Format unterscheidet man Vorleger, Br\u00fccken und L\u00e4ufer, im 20. Jahrhundert entstand zus\u00e4tzlich der\u00a0Teppichboden\u00a0und die\u00a0Teppichfliese.<sup id=\"cite_ref-2\" class=\"reference\"><\/sup><\/p>\n<p>Die Kunst- und Kulturwissenschaften unterscheiden\u00a0Orientteppiche\u00a0von Teppichen europ\u00e4ischer Produktion.<\/p>\n<p>Der gewebte Teppich ist ein abendl\u00e4ndisches Produkt. Die in Europa seit dem 19. Jahrhundert hergestellten Teppiche sind meist maschinengewebt (Ausnahmen: handgekn\u00fcpfte \u201edeutsche Smyrnateppiche\u201c und mechanisch gekn\u00fcpfte \u201emechanische Smyrnateppiche\u201c). Je nach Beschaffenheit der gewebten Teppiche unterscheidet man glatte, Noppen- und Schlingenteppiche (aufgeschnittene bzw. geschlossene Schlingen an der Oberfl\u00e4che) sowie Samt-, Pl\u00fcsch-, Velours- und Florteppiche.\u00a0<i>Glatte Teppiche<\/i>\u00a0sind z.\u00a0B. der Haargarn-, Jute- und\u00a0Kokosfaser\u00adteppich, ein\u00a0<i>Schlingenteppich<\/i>\u00a0ist der Br\u00fcsseler Teppich (auch Haarbr\u00fcssel- oder Boucl\u00e9teppich mit grobem Haargarnflor), ein\u00a0<i>Florteppich<\/i>\u00a0ist der Tournay-Teppich.[\/vc_column_text][\/vc_column_inner][vc_column_inner width=&#8220;1\/2&#8243; css=&#8220;.vc_custom_1491746388981{padding-bottom: 50px !important;}&#8220;]<style type=\"text\/css\" data-type=\"the7_shortcodes-inline-css\">.shortcode-single-image-wrap.shortcode-single-image-99a6ab45875e371c76980f62edee9c02.enable-bg-rollover .rollover i,\n.shortcode-single-image-wrap.shortcode-single-image-99a6ab45875e371c76980f62edee9c02.enable-bg-rollover .rollover-video i {\n  background: ;\n  background: -webkit-linear-gradient();\n  background: linear-gradient();\n}\n.shortcode-single-image-wrap.shortcode-single-image-99a6ab45875e371c76980f62edee9c02 .rollover-icon {\n  font-size: 32px;\n  color: #ffffff;\n  min-width: 44px;\n  min-height: 44px;\n  line-height: 44px;\n  border-radius: 100px;\n  border-style: solid;\n  border-width: 0px;\n}\n.dt-icon-bg-on.shortcode-single-image-wrap.shortcode-single-image-99a6ab45875e371c76980f62edee9c02 .rollover-icon {\n  background: rgba(255,255,255,0.3);\n  box-shadow: none;\n}\n<\/style><div class=\"shortcode-single-image-wrap shortcode-single-image-99a6ab45875e371c76980f62edee9c02 alignnone  enable-bg-rollover dt-icon-bg-off\" style=\"margin-top:0px; margin-bottom:0px; margin-left:0px; margin-right:0px; width:500px;\"><div class=\"shortcode-single-image\"><div class=\"fancy-media-wrap\" style=\"\"><a class=\"layzr-bg rollover rollover-zoom dt-pswp-item pswp-image\" href=\"http:\/\/www.malermeister-widdecke.de\/mw\/wp-content\/uploads\/2020\/04\/Teppich.jpg\" title=\"Teppich\" data-dt-img-description=\"\" data-large_image_width=\"500\" data-large_image_height = \"788\"  style=\"\"><img class=\"preload-me lazy-load\" src=\"data:image\/svg+xml,%3Csvg%20xmlns%3D&#39;http%3A%2F%2Fwww.w3.org%2F2000%2Fsvg&#39;%20viewBox%3D&#39;0%200%20500%20788&#39;%2F%3E\" data-src=\"http:\/\/www.malermeister-widdecke.de\/mw\/wp-content\/uploads\/2020\/04\/Teppich.jpg\" data-srcset=\"http:\/\/www.malermeister-widdecke.de\/mw\/wp-content\/uploads\/2020\/04\/Teppich.jpg 500w\" width=\"500\" height=\"788\"  data-dt-location=\"http:\/\/www.malermeister-widdecke.de\/mw\/technologies\/teppich\/teppich-2\/\" alt=\"\" \/><\/a><\/div><\/div><\/div>[\/vc_column_inner][\/vc_row_inner][\/vc_column][\/vc_row]<\/p>\n","protected":false},"excerpt":{"rendered":"<p>[vc_row equal_height=&#8220;yes&#8220; content_placement=&#8220;top&#8220; type=&#8220;vc_default&#8220; margin_top=&#8220;5&#8243; margin_bottom=&#8220;10&#8243; css=&#8220;.vc_custom_1529513148816{padding-top: 70px !important;padding-bottom: 30px !important;}&#8220;][vc_column offset=&#8220;vc_col-lg-offset-2 vc_col-lg-8 vc_col-md-offset-1 vc_col-md-10&#8243;][\/vc_column][vc_column][vc_row_inner equal_height=&#8220;yes&#8220; content_placement=&#8220;top&#8220;][vc_column_inner width=&#8220;1\/2&#8243; css=&#8220;.vc_custom_1491746397816{padding-bottom: 50px !important;}&#8220;][vc_column_text]Ein\u00a0Teppich\u00a0(\u00fcber das Romanische wie volkslateinisch\u00a0tapetum\/tapeta\u00a0und\u00a0altgr.\u00a0\u03c4\u03ac\u03c0\u03b7\u03c2\u00a0t\u00e1p\u0113s\u00a0verwandt mit persisch\u00a0t\u00e4ftan, \u201aspinnen\u2018) ist ein\u00a0textiles\u00a0Fl\u00e4chengebilde von begrenzter Abmessung, das\u00a0gekn\u00fcpft,\u00a0gewebt, gewirkt oder\u00a0getuftet\u00a0sein kann und meist\u00a0gemustert\u00a0ist. W\u00e4hrend in\u00a0Europa\u00a0heute unter Teppichen ausschlie\u00dflich textile Bodenbel\u00e4ge verstanden werden, bezeichnet der Begriff im\u00a0Nahen Osten\u00a0(Orient) bis heute&hellip;<\/p>\n","protected":false},"author":1,"featured_media":0,"parent":2153,"menu_order":36,"comment_status":"closed","ping_status":"closed","template":"","meta":[],"_links":{"self":[{"href":"http:\/\/www.malermeister-widdecke.de\/mw\/wp-json\/wp\/v2\/pages\/2346"}],"collection":[{"href":"http:\/\/www.malermeister-widdecke.de\/mw\/wp-json\/wp\/v2\/pages"}],"about":[{"href":"http:\/\/www.malermeister-widdecke.de\/mw\/wp-json\/wp\/v2\/types\/page"}],"author":[{"embeddable":true,"href":"http:\/\/www.malermeister-widdecke.de\/mw\/wp-json\/wp\/v2\/users\/1"}],"replies":[{"embeddable":true,"href":"http:\/\/www.malermeister-widdecke.de\/mw\/wp-json\/wp\/v2\/comments?post=2346"}],"version-history":[{"count":2,"href":"http:\/\/www.malermeister-widdecke.de\/mw\/wp-json\/wp\/v2\/pages\/2346\/revisions"}],"predecessor-version":[{"id":2393,"href":"http:\/\/www.malermeister-widdecke.de\/mw\/wp-json\/wp\/v2\/pages\/2346\/revisions\/2393"}],"up":[{"embeddable":true,"href":"http:\/\/www.malermeister-widdecke.de\/mw\/wp-json\/wp\/v2\/pages\/2153"}],"wp:attachment":[{"href":"http:\/\/www.malermeister-widdecke.de\/mw\/wp-json\/wp\/v2\/media?parent=2346"}],"curies":[{"name":"wp","href":"https:\/\/api.w.org\/{rel}","templated":true}]}}