{"id":2348,"date":"2020-04-05T19:44:25","date_gmt":"2020-04-05T17:44:25","guid":{"rendered":"http:\/\/www.malermeister-widdecke.de\/mw\/?page_id=2348"},"modified":"2020-04-05T23:44:15","modified_gmt":"2020-04-05T21:44:15","slug":"parkett","status":"publish","type":"page","link":"http:\/\/www.malermeister-widdecke.de\/mw\/technologies\/parkett\/","title":{"rendered":"Parkett"},"content":{"rendered":"<p>[vc_row equal_height=&#8220;yes&#8220; content_placement=&#8220;top&#8220; type=&#8220;vc_default&#8220; margin_top=&#8220;5&#8243; margin_bottom=&#8220;10&#8243; css=&#8220;.vc_custom_1529513148816{padding-top: 70px !important;padding-bottom: 30px !important;}&#8220;][vc_column offset=&#8220;vc_col-lg-offset-2 vc_col-lg-8 vc_col-md-offset-1 vc_col-md-10&#8243;]<div id=\"ultimate-heading-789469f416f1bd7c7\" class=\"uvc-heading ult-adjust-bottom-margin ultimate-heading-789469f416f1bd7c7 uvc-5439 accent-border-color\" data-hspacer=\"no_spacer\"  data-halign=\"center\" style=\"text-align:center\"><div class=\"uvc-heading-spacer no_spacer\" style=\"top\"><\/div><div class=\"uvc-main-heading ult-responsive\"  data-ultimate-target='.uvc-heading.ultimate-heading-789469f416f1bd7c7 h1'  data-responsive-json-new='{\"font-size\":\"desktop:44px;tablet_portrait:30px;\",\"line-height\":\"desktop:54px;tablet_portrait:40px;\"}' ><h1 style=\"font-weight:bold;margin-bottom:10px;\">Parkett<\/h1><\/div><\/div>[\/vc_column][vc_column][vc_row_inner equal_height=&#8220;yes&#8220; content_placement=&#8220;top&#8220;][vc_column_inner width=&#8220;1\/2&#8243; css=&#8220;.vc_custom_1491746397816{padding-bottom: 50px !important;}&#8220;]<style type=\"text\/css\" data-type=\"the7_shortcodes-inline-css\">.shortcode-single-image-wrap.shortcode-single-image-978a329527df1f8ac619f36417c3284e.enable-bg-rollover .rollover i,\n.shortcode-single-image-wrap.shortcode-single-image-978a329527df1f8ac619f36417c3284e.enable-bg-rollover .rollover-video i {\n  background: ;\n  background: -webkit-linear-gradient();\n  background: linear-gradient();\n}\n.shortcode-single-image-wrap.shortcode-single-image-978a329527df1f8ac619f36417c3284e .rollover-icon {\n  font-size: 32px;\n  color: #ffffff;\n  min-width: 44px;\n  min-height: 44px;\n  line-height: 44px;\n  border-radius: 100px;\n  border-style: solid;\n  border-width: 0px;\n}\n.dt-icon-bg-on.shortcode-single-image-wrap.shortcode-single-image-978a329527df1f8ac619f36417c3284e .rollover-icon {\n  background: rgba(255,255,255,0.3);\n  box-shadow: none;\n}\n<\/style><div class=\"shortcode-single-image-wrap shortcode-single-image-978a329527df1f8ac619f36417c3284e alignnone  enable-bg-rollover dt-icon-bg-off\" style=\"margin-top:0px; margin-bottom:0px; margin-left:0px; margin-right:0px; width:500px;\"><div class=\"shortcode-single-image\"><div class=\"fancy-media-wrap\" style=\"\"><a class=\"layzr-bg rollover rollover-zoom dt-pswp-item pswp-image\" href=\"http:\/\/www.malermeister-widdecke.de\/mw\/wp-content\/uploads\/2020\/04\/Parkett.jpg\" title=\"Parkett\" data-dt-img-description=\"\" data-large_image_width=\"417\" data-large_image_height = \"626\"  style=\"\"><img class=\"preload-me lazy-load\" src=\"data:image\/svg+xml,%3Csvg%20xmlns%3D&#39;http%3A%2F%2Fwww.w3.org%2F2000%2Fsvg&#39;%20viewBox%3D&#39;0%200%20416%20625&#39;%2F%3E\" data-src=\"http:\/\/www.malermeister-widdecke.de\/mw\/wp-content\/uploads\/2020\/04\/Parkett.jpg\" data-srcset=\"http:\/\/www.malermeister-widdecke.de\/mw\/wp-content\/uploads\/2020\/04\/Parkett.jpg 416w\" width=\"416\" height=\"625\"  data-dt-location=\"http:\/\/www.malermeister-widdecke.de\/mw\/technologies\/parkett\/parkett-2\/\" alt=\"\" \/><\/a><\/div><\/div><\/div>[\/vc_column_inner][vc_column_inner width=&#8220;1\/2&#8243; css=&#8220;.vc_custom_1491746388981{padding-bottom: 50px !important;}&#8220;][vc_column_text]Parkett\u00a0ist ein Fu\u00dfbodenbelag aus\u00a0Holz\u00a0oder\u00a0Bambus\u00a0f\u00fcr R\u00e4ume in geschlossenen Geb\u00e4uden. Das Holz, in der Regel Hartholz von\u00a0Laubb\u00e4umen, wird dazu in kleine St\u00fccke ges\u00e4gt und nach bestimmten Mustern zusammengesetzt. Holzb\u00f6den, bei denen die Jahresringe sichtbar sind, d.\u00a0h. die Fasern vertikal stehen, nennt man\u00a0Holzpflaster\u00a0(Holzst\u00f6ckelpflaster). Einen gro\u00dfformatigen Holzboden aus langen\u00a0Brettern\u00a0nennt man\u00a0Dielenboden. Parkett gilt als hochwertiger Fu\u00dfbodenbelag, ben\u00f6tigt wegen des Aufbaus aus kleinteiligen Holzst\u00fccken im Gegensatz zum Dielenboden einen tragf\u00e4higen Untergrund, wirkt aus demselben Grund aber Fugenbildung entgegen. Durch seine geschlossenen Fl\u00e4chen ist er sehr hygienisch.<\/p>\n<p>Vom Parkett zu unterscheiden ist ein\u00a0<i>Laminatbelag<\/i>. Laminatbel\u00e4ge bestehen aus Holzfaserstoffen als Tr\u00e4ger und sind mit Melaminharz beschichtet; die sichtbare Holzoberfl\u00e4che besteht hier aus einer einlaminierten Papierlage im Holzmuster (mit Melaminharz impr\u00e4gnierte Dekorschicht). Die Verlegung der Laminatb\u00f6den erfolgt in gleicher Art wie Parkett. Durch die Kunststoffoberfl\u00e4che wird hier keine Feuchtigkeit aufgenommen, jedoch ist \u00fcber die Fugen eine Feuchtigkeitsaufnahme m\u00f6glich. So kann es beispielsweise beim Nasswischen zu irreversiblen Aufquellungen der N\u00e4hte kommen, wodurch der Bodenbelag unbrauchbar wird. <sup id=\"cite_ref-1\" class=\"reference\"><\/sup>Laminat wird deshalb in der Regel trocken bis maximal nebelfeucht gereinigt.<\/p>\n<p>Ein Parkettboden ist teurer als ein\u00a0Laminatboden, daf\u00fcr kann Parkett durch Schleifen und Versiegeln in der Regel mehrfach renoviert werden, was bei Laminat nicht m\u00f6glich ist. Parkett ist im Verh\u00e4ltnis zu einem Textilboden ein sehr dauerhafter Bodenbelag. Es gibt Parkettb\u00f6den in Schl\u00f6ssern, die nach Jahrhunderten noch attraktiv sind, hier haben aber meistens kostspielige Aufarbeitungen des Parketts stattgefunden.[\/vc_column_text][\/vc_column_inner][\/vc_row_inner][\/vc_column][\/vc_row]<\/p>\n","protected":false},"excerpt":{"rendered":"<p>[vc_row equal_height=&#8220;yes&#8220; content_placement=&#8220;top&#8220; type=&#8220;vc_default&#8220; margin_top=&#8220;5&#8243; margin_bottom=&#8220;10&#8243; css=&#8220;.vc_custom_1529513148816{padding-top: 70px !important;padding-bottom: 30px !important;}&#8220;][vc_column offset=&#8220;vc_col-lg-offset-2 vc_col-lg-8 vc_col-md-offset-1 vc_col-md-10&#8243;][\/vc_column][vc_column][vc_row_inner equal_height=&#8220;yes&#8220; content_placement=&#8220;top&#8220;][vc_column_inner width=&#8220;1\/2&#8243; css=&#8220;.vc_custom_1491746397816{padding-bottom: 50px !important;}&#8220;][\/vc_column_inner][vc_column_inner width=&#8220;1\/2&#8243; css=&#8220;.vc_custom_1491746388981{padding-bottom: 50px !important;}&#8220;][vc_column_text]Parkett\u00a0ist ein Fu\u00dfbodenbelag aus\u00a0Holz\u00a0oder\u00a0Bambus\u00a0f\u00fcr R\u00e4ume in geschlossenen Geb\u00e4uden. Das Holz, in der Regel Hartholz von\u00a0Laubb\u00e4umen, wird dazu in kleine St\u00fccke ges\u00e4gt und nach bestimmten Mustern zusammengesetzt. Holzb\u00f6den, bei denen die Jahresringe&hellip;<\/p>\n","protected":false},"author":1,"featured_media":0,"parent":2153,"menu_order":37,"comment_status":"closed","ping_status":"closed","template":"","meta":[],"_links":{"self":[{"href":"http:\/\/www.malermeister-widdecke.de\/mw\/wp-json\/wp\/v2\/pages\/2348"}],"collection":[{"href":"http:\/\/www.malermeister-widdecke.de\/mw\/wp-json\/wp\/v2\/pages"}],"about":[{"href":"http:\/\/www.malermeister-widdecke.de\/mw\/wp-json\/wp\/v2\/types\/page"}],"author":[{"embeddable":true,"href":"http:\/\/www.malermeister-widdecke.de\/mw\/wp-json\/wp\/v2\/users\/1"}],"replies":[{"embeddable":true,"href":"http:\/\/www.malermeister-widdecke.de\/mw\/wp-json\/wp\/v2\/comments?post=2348"}],"version-history":[{"count":2,"href":"http:\/\/www.malermeister-widdecke.de\/mw\/wp-json\/wp\/v2\/pages\/2348\/revisions"}],"predecessor-version":[{"id":2395,"href":"http:\/\/www.malermeister-widdecke.de\/mw\/wp-json\/wp\/v2\/pages\/2348\/revisions\/2395"}],"up":[{"embeddable":true,"href":"http:\/\/www.malermeister-widdecke.de\/mw\/wp-json\/wp\/v2\/pages\/2153"}],"wp:attachment":[{"href":"http:\/\/www.malermeister-widdecke.de\/mw\/wp-json\/wp\/v2\/media?parent=2348"}],"curies":[{"name":"wp","href":"https:\/\/api.w.org\/{rel}","templated":true}]}}