{"id":2352,"date":"2020-04-05T19:46:14","date_gmt":"2020-04-05T17:46:14","guid":{"rendered":"http:\/\/www.malermeister-widdecke.de\/mw\/?page_id=2352"},"modified":"2020-04-06T00:02:10","modified_gmt":"2020-04-05T22:02:10","slug":"malerarbeiten","status":"publish","type":"page","link":"http:\/\/www.malermeister-widdecke.de\/mw\/fassaden\/malerarbeiten\/","title":{"rendered":"Malerarbeiten"},"content":{"rendered":"<p>[vc_row equal_height=&#8220;yes&#8220; content_placement=&#8220;top&#8220; type=&#8220;vc_default&#8220; margin_top=&#8220;5&#8243; margin_bottom=&#8220;10&#8243; css=&#8220;.vc_custom_1529513148816{padding-top: 70px !important;padding-bottom: 30px !important;}&#8220;][vc_column offset=&#8220;vc_col-lg-offset-2 vc_col-lg-8 vc_col-md-offset-1 vc_col-md-10&#8243;]<div id=\"ultimate-heading-24076a0291c4b260c\" class=\"uvc-heading ult-adjust-bottom-margin ultimate-heading-24076a0291c4b260c uvc-1952 accent-border-color\" data-hspacer=\"no_spacer\"  data-halign=\"center\" style=\"text-align:center\"><div class=\"uvc-heading-spacer no_spacer\" style=\"top\"><\/div><div class=\"uvc-main-heading ult-responsive\"  data-ultimate-target='.uvc-heading.ultimate-heading-24076a0291c4b260c h1'  data-responsive-json-new='{\"font-size\":\"desktop:44px;tablet_portrait:30px;\",\"line-height\":\"desktop:54px;tablet_portrait:40px;\"}' ><h1 style=\"font-weight:bold;margin-bottom:10px;\">Malerarbeiten<\/h1><\/div><div class=\"uvc-sub-heading ult-responsive\"  data-ultimate-target='.uvc-heading.ultimate-heading-24076a0291c4b260c .uvc-sub-heading '  data-responsive-json-new='{\"font-size\":\"desktop:22px;mobile_landscape:16px;\",\"line-height\":\"desktop:32px;mobile_landscape:26px;\"}'  style=\"font-style:italic;font-weight:normal;color:#333333;margin-bottom:70px;\">Ich f\u00fchre s\u00e4mtliche Malerarbeiten an der Au\u00dfenfassade aus.<\/div><\/div>[\/vc_column][vc_column][vc_row_inner equal_height=&#8220;yes&#8220; content_placement=&#8220;top&#8220;][vc_column_inner width=&#8220;1\/2&#8243; css=&#8220;.vc_custom_1491746397816{padding-bottom: 50px !important;}&#8220;][vc_column_text]Fassadenfarben sind vorwiegend f\u00fcr Neu- und Renovieranstriche auf\u00a0glatten oder fein bis grob strukturierten mineralischen Untergr\u00fcnden\u00a0einsetzbar. Auch eine Verwendung als hochwertige Farbe f\u00fcr Innenanstriche nach der neuen DIN EN 13300 ist m\u00f6glich.<\/p>\n<p>Heute sind Fassadenfarben haupts\u00e4chlich umweltfreundlich, denn sie enthalten in der fl\u00fcssigen Phase vorwiegend Wasser und kaum L\u00f6sungsmittel. In der Praxis erfolgt ihre Einteilung ausschlie\u00dflich nach ihren Bindemitteln. Von deren Art und Menge h\u00e4ngen die wichtigsten anwendungstechnischen\u00a0Eigenschaften der Fassadenfarben\u00a0ab.<\/p>\n<p>Neben der dekorativen Funktion haben Fassadenfarben vor allem\u00a0eine Schutzfunktion\u00a0zu \u00fcbernehmen. Sie werden st\u00e4ndig sehr hohen Belastungen durch Witterungseinfl\u00fcsse wie Wasser, UV-Strahlen sowie Luftverschmutzungen ausgesetzt und m\u00fcssen deshalb vor allem wetterbest\u00e4ndig (VOB DIN 18363) sein.<\/p>\n<p>Weitere wesentlichste Forderungen beziehen sich auf die Haftung zum Untergrund, Wasserdampfdurchl\u00e4ssigkeit (\u201cAtmungsaktivit\u00e4t\u201d), Wasseraufnahmef\u00e4higkeit, F\u00e4higkeit der Riss\u00fcberbr\u00fcckung sowie Best\u00e4ndigkeit gegen\u00fcber dem Bewuchs von Mikroorganismen, insbesondere von Algen und Moos.[\/vc_column_text][\/vc_column_inner][vc_column_inner width=&#8220;1\/2&#8243; css=&#8220;.vc_custom_1491746388981{padding-bottom: 50px !important;}&#8220;]<style type=\"text\/css\" data-type=\"the7_shortcodes-inline-css\">.shortcode-single-image-wrap.shortcode-single-image-5d1d8161c9b7f35a54663ec32c4a69d6.enable-bg-rollover .rollover i,\n.shortcode-single-image-wrap.shortcode-single-image-5d1d8161c9b7f35a54663ec32c4a69d6.enable-bg-rollover .rollover-video i {\n  background: ;\n  background: -webkit-linear-gradient();\n  background: linear-gradient();\n}\n.shortcode-single-image-wrap.shortcode-single-image-5d1d8161c9b7f35a54663ec32c4a69d6 .rollover-icon {\n  font-size: 32px;\n  color: #ffffff;\n  min-width: 44px;\n  min-height: 44px;\n  line-height: 44px;\n  border-radius: 100px;\n  border-style: solid;\n  border-width: 0px;\n}\n.dt-icon-bg-on.shortcode-single-image-wrap.shortcode-single-image-5d1d8161c9b7f35a54663ec32c4a69d6 .rollover-icon {\n  background: rgba(255,255,255,0.3);\n  box-shadow: none;\n}\n<\/style><div class=\"shortcode-single-image-wrap shortcode-single-image-5d1d8161c9b7f35a54663ec32c4a69d6 alignnone  enable-bg-rollover dt-icon-bg-off\" style=\"margin-top:0px; margin-bottom:0px; margin-left:0px; margin-right:0px; width:500px;\"><div class=\"shortcode-single-image\"><div class=\"fancy-media-wrap\" style=\"\"><a class=\"layzr-bg rollover rollover-zoom dt-pswp-item pswp-image\" href=\"http:\/\/www.malermeister-widdecke.de\/mw\/wp-content\/uploads\/2020\/04\/Malerarbeiten-Fassade.jpg\" title=\"Malerarbeiten Fassade\" data-dt-img-description=\"\" data-large_image_width=\"560\" data-large_image_height = \"698\"  style=\"\"><img class=\"preload-me lazy-load\" src=\"data:image\/svg+xml,%3Csvg%20xmlns%3D&#39;http%3A%2F%2Fwww.w3.org%2F2000%2Fsvg&#39;%20viewBox%3D&#39;0%200%20500%20623&#39;%2F%3E\" data-src=\"http:\/\/www.malermeister-widdecke.de\/mw\/wp-content\/uploads\/2020\/04\/Malerarbeiten-Fassade-500x623.jpg\" data-srcset=\"http:\/\/www.malermeister-widdecke.de\/mw\/wp-content\/uploads\/2020\/04\/Malerarbeiten-Fassade-500x623.jpg 500w, http:\/\/www.malermeister-widdecke.de\/mw\/wp-content\/uploads\/2020\/04\/Malerarbeiten-Fassade.jpg 560w\" width=\"500\" height=\"623\"  data-dt-location=\"http:\/\/www.malermeister-widdecke.de\/mw\/fassaden\/malerarbeiten\/malerarbeiten-fassade\/\" alt=\"\" \/><\/a><\/div><\/div><\/div>[\/vc_column_inner][\/vc_row_inner][\/vc_column][\/vc_row]<\/p>\n","protected":false},"excerpt":{"rendered":"<p>[vc_row equal_height=&#8220;yes&#8220; content_placement=&#8220;top&#8220; type=&#8220;vc_default&#8220; margin_top=&#8220;5&#8243; margin_bottom=&#8220;10&#8243; css=&#8220;.vc_custom_1529513148816{padding-top: 70px !important;padding-bottom: 30px !important;}&#8220;][vc_column offset=&#8220;vc_col-lg-offset-2 vc_col-lg-8 vc_col-md-offset-1 vc_col-md-10&#8243;][\/vc_column][vc_column][vc_row_inner equal_height=&#8220;yes&#8220; content_placement=&#8220;top&#8220;][vc_column_inner width=&#8220;1\/2&#8243; css=&#8220;.vc_custom_1491746397816{padding-bottom: 50px !important;}&#8220;][vc_column_text]Fassadenfarben sind vorwiegend f\u00fcr Neu- und Renovieranstriche auf\u00a0glatten oder fein bis grob strukturierten mineralischen Untergr\u00fcnden\u00a0einsetzbar. Auch eine Verwendung als hochwertige Farbe f\u00fcr Innenanstriche nach der neuen DIN EN 13300 ist m\u00f6glich. Heute sind Fassadenfarben haupts\u00e4chlich&hellip;<\/p>\n","protected":false},"author":1,"featured_media":0,"parent":51,"menu_order":42,"comment_status":"closed","ping_status":"closed","template":"","meta":[],"_links":{"self":[{"href":"http:\/\/www.malermeister-widdecke.de\/mw\/wp-json\/wp\/v2\/pages\/2352"}],"collection":[{"href":"http:\/\/www.malermeister-widdecke.de\/mw\/wp-json\/wp\/v2\/pages"}],"about":[{"href":"http:\/\/www.malermeister-widdecke.de\/mw\/wp-json\/wp\/v2\/types\/page"}],"author":[{"embeddable":true,"href":"http:\/\/www.malermeister-widdecke.de\/mw\/wp-json\/wp\/v2\/users\/1"}],"replies":[{"embeddable":true,"href":"http:\/\/www.malermeister-widdecke.de\/mw\/wp-json\/wp\/v2\/comments?post=2352"}],"version-history":[{"count":2,"href":"http:\/\/www.malermeister-widdecke.de\/mw\/wp-json\/wp\/v2\/pages\/2352\/revisions"}],"predecessor-version":[{"id":2399,"href":"http:\/\/www.malermeister-widdecke.de\/mw\/wp-json\/wp\/v2\/pages\/2352\/revisions\/2399"}],"up":[{"embeddable":true,"href":"http:\/\/www.malermeister-widdecke.de\/mw\/wp-json\/wp\/v2\/pages\/51"}],"wp:attachment":[{"href":"http:\/\/www.malermeister-widdecke.de\/mw\/wp-json\/wp\/v2\/media?parent=2352"}],"curies":[{"name":"wp","href":"https:\/\/api.w.org\/{rel}","templated":true}]}}