{"id":2473,"date":"2021-03-08T18:22:02","date_gmt":"2021-03-08T17:22:02","guid":{"rendered":"http:\/\/www.malermeister-widdecke.de\/mw\/?page_id=2473"},"modified":"2021-03-08T18:27:29","modified_gmt":"2021-03-08T17:27:29","slug":"kalkprodukte","status":"publish","type":"page","link":"http:\/\/www.malermeister-widdecke.de\/mw\/biologischer-kalkputz-lehmputz\/kalkprodukte\/","title":{"rendered":"Kalkprodukte"},"content":{"rendered":"<p>[vc_row equal_height=&#8220;yes&#8220; content_placement=&#8220;top&#8220; type=&#8220;vc_default&#8220; margin_top=&#8220;5&#8243; margin_bottom=&#8220;10&#8243; css=&#8220;.vc_custom_1529513148816{padding-top: 70px !important;padding-bottom: 30px !important;}&#8220;][vc_column offset=&#8220;vc_col-lg-offset-2 vc_col-lg-8 vc_col-md-offset-1 vc_col-md-10&#8243;]<div id=\"ultimate-heading-291469f417fb9fee7\" class=\"uvc-heading ult-adjust-bottom-margin ultimate-heading-291469f417fb9fee7 uvc-7905 accent-border-color\" data-hspacer=\"no_spacer\"  data-halign=\"center\" style=\"text-align:center\"><div class=\"uvc-heading-spacer no_spacer\" style=\"top\"><\/div><div class=\"uvc-main-heading ult-responsive\"  data-ultimate-target='.uvc-heading.ultimate-heading-291469f417fb9fee7 h1'  data-responsive-json-new='{\"font-size\":\"desktop:44px;tablet_portrait:30px;\",\"line-height\":\"desktop:54px;tablet_portrait:40px;\"}' ><h1 style=\"font-weight:bold;margin-bottom:10px;\">Wandgestaltung mit Kalkprodukten<\/h1><\/div><\/div>[\/vc_column][vc_column][vc_row_inner equal_height=&#8220;yes&#8220; content_placement=&#8220;top&#8220;][vc_column_inner width=&#8220;1\/2&#8243; css=&#8220;.vc_custom_1491746397816{padding-bottom: 50px !important;}&#8220;]<style type=\"text\/css\" data-type=\"the7_shortcodes-inline-css\">.shortcode-single-image-wrap.shortcode-single-image-1cbcd037b1957f8105cdfec512682bf6.enable-bg-rollover .rollover i,\n.shortcode-single-image-wrap.shortcode-single-image-1cbcd037b1957f8105cdfec512682bf6.enable-bg-rollover .rollover-video i {\n  background: ;\n  background: -webkit-linear-gradient();\n  background: linear-gradient();\n}\n.shortcode-single-image-wrap.shortcode-single-image-1cbcd037b1957f8105cdfec512682bf6 .rollover-icon {\n  font-size: 32px;\n  color: #ffffff;\n  min-width: 44px;\n  min-height: 44px;\n  line-height: 44px;\n  border-radius: 100px;\n  border-style: solid;\n  border-width: 0px;\n}\n.dt-icon-bg-on.shortcode-single-image-wrap.shortcode-single-image-1cbcd037b1957f8105cdfec512682bf6 .rollover-icon {\n  background: rgba(255,255,255,0.3);\n  box-shadow: none;\n}\n<\/style><div class=\"shortcode-single-image-wrap shortcode-single-image-1cbcd037b1957f8105cdfec512682bf6 alignnone  enable-bg-rollover dt-icon-bg-off\" style=\"margin-top:0px; margin-bottom:0px; margin-left:0px; margin-right:0px; width:500px;\"><div class=\"shortcode-single-image\"><div class=\"fancy-media-wrap\" style=\"\"><a class=\"layzr-bg rollover rollover-zoom dt-pswp-item pswp-image\" href=\"http:\/\/www.malermeister-widdecke.de\/mw\/wp-content\/uploads\/2021\/03\/Designputz.jpg\" title=\"Designputz\" data-dt-img-description=\"\" data-large_image_width=\"425\" data-large_image_height = \"634\"  style=\"\"><img class=\"preload-me lazy-load\" src=\"data:image\/svg+xml,%3Csvg%20xmlns%3D&#39;http%3A%2F%2Fwww.w3.org%2F2000%2Fsvg&#39;%20viewBox%3D&#39;0%200%20425%20633&#39;%2F%3E\" data-src=\"http:\/\/www.malermeister-widdecke.de\/mw\/wp-content\/uploads\/2021\/03\/Designputz.jpg\" data-srcset=\"http:\/\/www.malermeister-widdecke.de\/mw\/wp-content\/uploads\/2021\/03\/Designputz.jpg 425w\" width=\"425\" height=\"633\"  data-dt-location=\"http:\/\/www.malermeister-widdecke.de\/mw\/biologischer-kalkputz-lehmputz\/kalkprodukte\/designputz\/\" alt=\"\" \/><\/a><\/div><\/div><\/div>[\/vc_column_inner][vc_column_inner width=&#8220;1\/2&#8243; css=&#8220;.vc_custom_1491746388981{padding-bottom: 50px !important;}&#8220;][vc_column_text]<\/p>\n<h2>Gesunde Raumgestaltung mit Kalksystemen<\/h2>\n<p>Immer mehr Menschen setzen auf nat\u00fcrlich wohngesunde Wandgestaltungen. Das wu\u00dften bereits die alten R\u00f6mer, dass Naturkalk als Wandfarbe bzw. Putz die nat\u00fcrlichste und beste Methode ist, ein gesundes Raumklima zu schaffen, denn Kalk bietet Vorteile, die nicht zu \u00fcbertreffen sind.<\/p>\n<p>Ein kalkhaltiger Wandauftrag bleibt atmungsaktiv und hat von Natur aus eine desinfizierende Wirkung. Doch nicht nur das: Mit dieser Methode haben selbst bei h\u00f6herem Luftfeuchtegehalt im Wohnraum Schimmelbildungen keine Chance.[\/vc_column_text][\/vc_column_inner][\/vc_row_inner][\/vc_column][\/vc_row]<\/p>\n","protected":false},"excerpt":{"rendered":"<p>[vc_row equal_height=&#8220;yes&#8220; content_placement=&#8220;top&#8220; type=&#8220;vc_default&#8220; margin_top=&#8220;5&#8243; margin_bottom=&#8220;10&#8243; css=&#8220;.vc_custom_1529513148816{padding-top: 70px !important;padding-bottom: 30px !important;}&#8220;][vc_column offset=&#8220;vc_col-lg-offset-2 vc_col-lg-8 vc_col-md-offset-1 vc_col-md-10&#8243;][\/vc_column][vc_column][vc_row_inner equal_height=&#8220;yes&#8220; content_placement=&#8220;top&#8220;][vc_column_inner width=&#8220;1\/2&#8243; css=&#8220;.vc_custom_1491746397816{padding-bottom: 50px !important;}&#8220;][\/vc_column_inner][vc_column_inner width=&#8220;1\/2&#8243; css=&#8220;.vc_custom_1491746388981{padding-bottom: 50px !important;}&#8220;][vc_column_text] Gesunde Raumgestaltung mit Kalksystemen Immer mehr Menschen setzen auf nat\u00fcrlich wohngesunde Wandgestaltungen. Das wu\u00dften bereits die alten R\u00f6mer, dass Naturkalk als Wandfarbe bzw. Putz die nat\u00fcrlichste und beste Methode ist,&hellip;<\/p>\n","protected":false},"author":1,"featured_media":0,"parent":2338,"menu_order":1,"comment_status":"closed","ping_status":"closed","template":"","meta":[],"_links":{"self":[{"href":"http:\/\/www.malermeister-widdecke.de\/mw\/wp-json\/wp\/v2\/pages\/2473"}],"collection":[{"href":"http:\/\/www.malermeister-widdecke.de\/mw\/wp-json\/wp\/v2\/pages"}],"about":[{"href":"http:\/\/www.malermeister-widdecke.de\/mw\/wp-json\/wp\/v2\/types\/page"}],"author":[{"embeddable":true,"href":"http:\/\/www.malermeister-widdecke.de\/mw\/wp-json\/wp\/v2\/users\/1"}],"replies":[{"embeddable":true,"href":"http:\/\/www.malermeister-widdecke.de\/mw\/wp-json\/wp\/v2\/comments?post=2473"}],"version-history":[{"count":4,"href":"http:\/\/www.malermeister-widdecke.de\/mw\/wp-json\/wp\/v2\/pages\/2473\/revisions"}],"predecessor-version":[{"id":2478,"href":"http:\/\/www.malermeister-widdecke.de\/mw\/wp-json\/wp\/v2\/pages\/2473\/revisions\/2478"}],"up":[{"embeddable":true,"href":"http:\/\/www.malermeister-widdecke.de\/mw\/wp-json\/wp\/v2\/pages\/2338"}],"wp:attachment":[{"href":"http:\/\/www.malermeister-widdecke.de\/mw\/wp-json\/wp\/v2\/media?parent=2473"}],"curies":[{"name":"wp","href":"https:\/\/api.w.org\/{rel}","templated":true}]}}