{"id":2479,"date":"2021-03-08T18:29:53","date_gmt":"2021-03-08T17:29:53","guid":{"rendered":"http:\/\/www.malermeister-widdecke.de\/mw\/?page_id=2479"},"modified":"2021-03-08T18:44:31","modified_gmt":"2021-03-08T17:44:31","slug":"lehmprodukte","status":"publish","type":"page","link":"http:\/\/www.malermeister-widdecke.de\/mw\/biologischer-kalkputz-lehmputz\/lehmprodukte\/","title":{"rendered":"Lehmprodukte"},"content":{"rendered":"<p>[vc_row equal_height=&#8220;yes&#8220; content_placement=&#8220;top&#8220; type=&#8220;vc_default&#8220; margin_top=&#8220;5&#8243; margin_bottom=&#8220;10&#8243; css=&#8220;.vc_custom_1529513148816{padding-top: 70px !important;padding-bottom: 30px !important;}&#8220;][vc_column offset=&#8220;vc_col-lg-offset-2 vc_col-lg-8 vc_col-md-offset-1 vc_col-md-10&#8243;]<div id=\"ultimate-heading-50106a0a3076ecad3\" class=\"uvc-heading ult-adjust-bottom-margin ultimate-heading-50106a0a3076ecad3 uvc-3231 accent-border-color\" data-hspacer=\"no_spacer\"  data-halign=\"center\" style=\"text-align:center\"><div class=\"uvc-heading-spacer no_spacer\" style=\"top\"><\/div><div class=\"uvc-main-heading ult-responsive\"  data-ultimate-target='.uvc-heading.ultimate-heading-50106a0a3076ecad3 h1'  data-responsive-json-new='{\"font-size\":\"desktop:44px;tablet_portrait:30px;\",\"line-height\":\"desktop:54px;tablet_portrait:40px;\"}' ><h1 style=\"font-weight:bold;margin-bottom:10px;\">Wandgestaltung mit Lehmprodukten<\/h1><\/div><\/div>[\/vc_column][vc_column][vc_row_inner equal_height=&#8220;yes&#8220; content_placement=&#8220;top&#8220;][vc_column_inner width=&#8220;1\/2&#8243; css=&#8220;.vc_custom_1491746397816{padding-bottom: 50px !important;}&#8220;]<style type=\"text\/css\" data-type=\"the7_shortcodes-inline-css\">.shortcode-single-image-wrap.shortcode-single-image-324a017b5428f31a8104111a7f645c72.enable-bg-rollover .rollover i,\n.shortcode-single-image-wrap.shortcode-single-image-324a017b5428f31a8104111a7f645c72.enable-bg-rollover .rollover-video i {\n  background: ;\n  background: -webkit-linear-gradient();\n  background: linear-gradient();\n}\n.shortcode-single-image-wrap.shortcode-single-image-324a017b5428f31a8104111a7f645c72 .rollover-icon {\n  font-size: 32px;\n  color: #ffffff;\n  min-width: 44px;\n  min-height: 44px;\n  line-height: 44px;\n  border-radius: 100px;\n  border-style: solid;\n  border-width: 0px;\n}\n.dt-icon-bg-on.shortcode-single-image-wrap.shortcode-single-image-324a017b5428f31a8104111a7f645c72 .rollover-icon {\n  background: rgba(255,255,255,0.3);\n  box-shadow: none;\n}\n<\/style><div class=\"shortcode-single-image-wrap shortcode-single-image-324a017b5428f31a8104111a7f645c72 alignnone  enable-bg-rollover dt-icon-bg-off\" style=\"margin-top:0px; margin-bottom:0px; margin-left:0px; margin-right:0px; width:500px;\"><div class=\"shortcode-single-image\"><div class=\"fancy-media-wrap\" style=\"\"><a class=\"layzr-bg rollover rollover-zoom dt-pswp-item pswp-image\" href=\"http:\/\/www.malermeister-widdecke.de\/mw\/wp-content\/uploads\/2021\/03\/lehmputz-1.jpg\" title=\"lehmputz\" data-dt-img-description=\"\" data-large_image_width=\"425\" data-large_image_height = \"634\"  style=\"\"><img class=\"preload-me lazy-load\" src=\"data:image\/svg+xml,%3Csvg%20xmlns%3D&#39;http%3A%2F%2Fwww.w3.org%2F2000%2Fsvg&#39;%20viewBox%3D&#39;0%200%20425%20633&#39;%2F%3E\" data-src=\"http:\/\/www.malermeister-widdecke.de\/mw\/wp-content\/uploads\/2021\/03\/lehmputz-1.jpg\" data-srcset=\"http:\/\/www.malermeister-widdecke.de\/mw\/wp-content\/uploads\/2021\/03\/lehmputz-1.jpg 425w\" width=\"425\" height=\"633\"  data-dt-location=\"http:\/\/www.malermeister-widdecke.de\/mw\/biologischer-kalkputz-lehmputz\/lehmprodukte\/lehmputz-2\/\" alt=\"\" \/><\/a><\/div><\/div><\/div>[\/vc_column_inner][vc_column_inner width=&#8220;1\/2&#8243; css=&#8220;.vc_custom_1491746388981{padding-bottom: 50px !important;}&#8220;][vc_column_text]<\/p>\n<h2>Gesund und nat\u00fcrlich leben mit Lehm<\/h2>\n<p>Die Verwendung von Lehmputz z\u00e4hlt zu den \u00e4ltesten Bautechniken der Menschheit. Als nat\u00fcrlicher Baustoff mit hervorragenden baubiologischen Eigenschaften erkennen heute mehr denn je Architekten und Bauherren seinen \u00f6kologischen Wert, denn bei der Herstellung und Verarbeitung von Lehmbaustoffen beschr\u00e4nkt sich der Energiebedarf ausschlie\u00dflich auf Mischung und Transport.<\/p>\n<p>Dar\u00fcberhinaus entpuppt sich Lehm als vielseitig einsetzbarer moderner Baustoff im Innen- und Au\u00dfenbereich.[\/vc_column_text][\/vc_column_inner][\/vc_row_inner][\/vc_column][\/vc_row]<\/p>\n","protected":false},"excerpt":{"rendered":"<p>[vc_row equal_height=&#8220;yes&#8220; content_placement=&#8220;top&#8220; type=&#8220;vc_default&#8220; margin_top=&#8220;5&#8243; margin_bottom=&#8220;10&#8243; css=&#8220;.vc_custom_1529513148816{padding-top: 70px !important;padding-bottom: 30px !important;}&#8220;][vc_column offset=&#8220;vc_col-lg-offset-2 vc_col-lg-8 vc_col-md-offset-1 vc_col-md-10&#8243;][\/vc_column][vc_column][vc_row_inner equal_height=&#8220;yes&#8220; content_placement=&#8220;top&#8220;][vc_column_inner width=&#8220;1\/2&#8243; css=&#8220;.vc_custom_1491746397816{padding-bottom: 50px !important;}&#8220;][\/vc_column_inner][vc_column_inner width=&#8220;1\/2&#8243; css=&#8220;.vc_custom_1491746388981{padding-bottom: 50px !important;}&#8220;][vc_column_text] Gesund und nat\u00fcrlich leben mit Lehm Die Verwendung von Lehmputz z\u00e4hlt zu den \u00e4ltesten Bautechniken der Menschheit. Als nat\u00fcrlicher Baustoff mit hervorragenden baubiologischen Eigenschaften erkennen heute mehr denn je Architekten&hellip;<\/p>\n","protected":false},"author":1,"featured_media":0,"parent":2338,"menu_order":3,"comment_status":"closed","ping_status":"closed","template":"","meta":[],"_links":{"self":[{"href":"http:\/\/www.malermeister-widdecke.de\/mw\/wp-json\/wp\/v2\/pages\/2479"}],"collection":[{"href":"http:\/\/www.malermeister-widdecke.de\/mw\/wp-json\/wp\/v2\/pages"}],"about":[{"href":"http:\/\/www.malermeister-widdecke.de\/mw\/wp-json\/wp\/v2\/types\/page"}],"author":[{"embeddable":true,"href":"http:\/\/www.malermeister-widdecke.de\/mw\/wp-json\/wp\/v2\/users\/1"}],"replies":[{"embeddable":true,"href":"http:\/\/www.malermeister-widdecke.de\/mw\/wp-json\/wp\/v2\/comments?post=2479"}],"version-history":[{"count":5,"href":"http:\/\/www.malermeister-widdecke.de\/mw\/wp-json\/wp\/v2\/pages\/2479\/revisions"}],"predecessor-version":[{"id":2486,"href":"http:\/\/www.malermeister-widdecke.de\/mw\/wp-json\/wp\/v2\/pages\/2479\/revisions\/2486"}],"up":[{"embeddable":true,"href":"http:\/\/www.malermeister-widdecke.de\/mw\/wp-json\/wp\/v2\/pages\/2338"}],"wp:attachment":[{"href":"http:\/\/www.malermeister-widdecke.de\/mw\/wp-json\/wp\/v2\/media?parent=2479"}],"curies":[{"name":"wp","href":"https:\/\/api.w.org\/{rel}","templated":true}]}}