{"id":45,"date":"2016-02-07T10:02:23","date_gmt":"2016-02-07T10:02:23","guid":{"rendered":"https:\/\/the7.io\/marketing-agency\/?page_id=45"},"modified":"2020-05-24T14:53:59","modified_gmt":"2020-05-24T12:53:59","slug":"home","status":"publish","type":"page","link":"http:\/\/www.malermeister-widdecke.de\/mw\/","title":{"rendered":"Home"},"content":{"rendered":"<p>[vc_row equal_height=&#8220;yes&#8220; content_placement=&#8220;middle&#8220; bg_type=&#8220;bg_color&#8220; type=&#8220;vc_default&#8220; margin_top=&#8220;5&#8243; margin_bottom=&#8220;10&#8243; css=&#8220;.vc_custom_1586098542792{padding-top: 5px !important;padding-bottom: 55px !important;}&#8220;][vc_column offset=&#8220;vc_col-lg-offset-2 vc_col-lg-8 vc_col-md-offset-1 vc_col-md-10&#8243;]<div id=\"ultimate-heading-66186a0a2d1cd865d\" class=\"uvc-heading ult-adjust-bottom-margin ultimate-heading-66186a0a2d1cd865d uvc-130 accent-border-color\" data-hspacer=\"line_only\"  data-halign=\"center\" style=\"text-align:center\"><div class=\"uvc-main-heading ult-responsive\"  data-ultimate-target='.uvc-heading.ultimate-heading-66186a0a2d1cd865d h3'  data-responsive-json-new='{\"font-size\":\"desktop:44px;tablet_portrait:30px;\",\"line-height\":\"desktop:54px;tablet_portrait:40px;\"}' ><h3 style=\"font-weight:bold;margin-bottom:10px;\">Malermeister Mike Widdecke<\/h3><\/div><div class=\"uvc-heading-spacer line_only\" style=\"topheight:5px;\"><span class=\"uvc-headings-line\" style=\"border-style:solid;border-bottom-width:5px;border-color:#ccc;width:300px;\"><\/span><\/div><div class=\"uvc-sub-heading ult-responsive\"  data-ultimate-target='.uvc-heading.ultimate-heading-66186a0a2d1cd865d .uvc-sub-heading '  data-responsive-json-new='{\"font-size\":\"desktop:22px;mobile_landscape:16px;\",\"line-height\":\"desktop:32px;mobile_landscape:26px;\"}'  style=\"font-style:italic;font-weight:normal;color:#000000;margin-bottom:30px;\">Sie suchen nach einen Maler? Tapezierer? Bodenverleger? Jemand der sich auskennt?<\/p>\n<p style=\"text-align: center;\">Dann sind Sie bei mir richtig&#8230;<\/p>\n<p><\/div><\/div>[\/vc_column][\/vc_row][vc_row equal_height=&#8220;yes&#8220; content_placement=&#8220;middle&#8220; bg_type=&#8220;bg_color&#8220; bg_override=&#8220;ex-full&#8220; type=&#8220;vc_default&#8220; margin_top=&#8220;5&#8243; margin_bottom=&#8220;10&#8243; css=&#8220;.vc_custom_1529517572787{padding-top: 70px !important;padding-bottom: 55px !important;}&#8220; bg_color_value=&#8220;rgba(170,170,170,0.1)&#8220;][vc_column offset=&#8220;vc_col-lg-offset-2 vc_col-lg-8 vc_col-md-offset-1 vc_col-md-10&#8243;]<div id=\"ultimate-heading-29166a0a2d1cd8678\" class=\"uvc-heading ult-adjust-bottom-margin ultimate-heading-29166a0a2d1cd8678 uvc-5597 accent-border-color\" data-hspacer=\"no_spacer\"  data-halign=\"center\" style=\"text-align:center\"><div class=\"uvc-heading-spacer no_spacer\" style=\"top\"><\/div><div class=\"uvc-main-heading ult-responsive\"  data-ultimate-target='.uvc-heading.ultimate-heading-29166a0a2d1cd8678 h2'  data-responsive-json-new='{\"font-size\":\"desktop:44px;tablet_portrait:30px;\",\"line-height\":\"desktop:54px;tablet_portrait:40px;\"}' ><h2 style=\"font-weight:bold;margin-bottom:10px;\">Was k\u00f6nnen wir f\u00fcr Sie tun...<\/h2><\/div><div class=\"uvc-sub-heading ult-responsive\"  data-ultimate-target='.uvc-heading.ultimate-heading-29166a0a2d1cd8678 .uvc-sub-heading '  data-responsive-json-new='{\"font-size\":\"desktop:22px;mobile_landscape:16px;\",\"line-height\":\"desktop:32px;mobile_landscape:26px;\"}'  style=\"font-style:italic;font-weight:normal;color:#000000;margin-bottom:70px;\">Von allen \u00fcblichen Maler- und Tapezierarbeiten im Innenbereich \u00fcber Fassadenanstriche, Schimmelpilzsanierung, W\u00e4rmed\u00e4mmverbundsysteme bis hin zur Bodenbeschichtung. Mit meiner langj\u00e4hrigen Erfahrung biete ich Ihnen eine akurate Auftragsabwicklung sowie kompetente Beratung und Planung Ihrer Sanierungs- und Gestaltungsw\u00fcnsche.<\/p>\n<p>Mit meiner langj\u00e4hrigen Erfahrung verlege ich Ihnen auch jeglichen denkbaren Bodenbelag in bester Qualit\u00e4t. Ob Teppichboden, Designbelag, Parkett, Linoleum, Kautschuk, Kork oder Laminat.<\/p>\n<p>Neben der Verwendung von erstklassigen und umweltfreundlichen Materialien und dem sauberen Arbeiten kommt es in erster Linie auf das fachliche K\u00f6nnen der auszuf\u00fchrenden Malerarbeiten an, hier sind Sie bei mir an der richtigen Stelle.<\/div><\/div>[\/vc_column][\/vc_row][vc_row bg_type=&#8220;image&#8220; parallax_style=&#8220;vcpb-vz-jquery&#8220; bg_image_new=&#8220;id^2321|url^http:\/\/www.malermeister-widdecke.de\/mw\/wp-content\/uploads\/2020\/04\/pinselpallette.jpg|caption^Freepik-Lizenz|alt^null|title^Bild von Racool_studio|description^null&#8220; parallax_sense=&#8220;40&#8243; bg_override=&#8220;ex-full&#8220; enable_overlay=&#8220;enable_overlay_value&#8220; overlay_color=&#8220;rgba(0,0,0,0.6)&#8220; type=&#8220;vc_default&#8220; css=&#8220;.vc_custom_1586107692838{padding-top: 100px !important;padding-bottom: 105px !important;}&#8220;][vc_column width=&#8220;5\/6&#8243; offset=&#8220;vc_col-lg-offset-3 vc_col-lg-6 vc_col-md-offset-1 vc_col-md-10 vc_col-sm-offset-1&#8243; el_class=&#8220;text-centered&#8220;][vc_column_text]<\/p>\n<h3 style=\"text-align: center;\"><span style=\"color: #ffffff;\"><strong>Wie haben viele Farbw\u00fcnsche f\u00fcr Sie zur Auswahl&#8230;<\/strong><\/span><\/h3>\n<h3 style=\"text-align: center;\"><span style=\"color: #ffffff;\"><strong>Individuell<\/strong><\/span><\/h3>\n<h3 style=\"text-align: center;\"><span style=\"color: #ffffff;\"><strong>kreativ<\/strong><\/span><\/h3>\n<h3 style=\"text-align: center;\"><span style=\"color: #ffffff;\"><strong>exklusiv<\/strong><\/span><\/h3>\n<h3 style=\"text-align: center;\"><span style=\"color: #ffffff;\"><strong>lassen Sie sich gerne durch mich beraten.<\/strong><\/span><\/h3>\n<p>[\/vc_column_text][\/vc_column][\/vc_row]<\/p>\n","protected":false},"excerpt":{"rendered":"<p>[vc_row equal_height=&#8220;yes&#8220; content_placement=&#8220;middle&#8220; bg_type=&#8220;bg_color&#8220; type=&#8220;vc_default&#8220; margin_top=&#8220;5&#8243; margin_bottom=&#8220;10&#8243; css=&#8220;.vc_custom_1586098542792{padding-top: 5px !important;padding-bottom: 55px !important;}&#8220;][vc_column offset=&#8220;vc_col-lg-offset-2 vc_col-lg-8 vc_col-md-offset-1 vc_col-md-10&#8243;][\/vc_column][\/vc_row][vc_row equal_height=&#8220;yes&#8220; content_placement=&#8220;middle&#8220; bg_type=&#8220;bg_color&#8220; bg_override=&#8220;ex-full&#8220; type=&#8220;vc_default&#8220; margin_top=&#8220;5&#8243; margin_bottom=&#8220;10&#8243; css=&#8220;.vc_custom_1529517572787{padding-top: 70px !important;padding-bottom: 55px !important;}&#8220; bg_color_value=&#8220;rgba(170,170,170,0.1)&#8220;][vc_column offset=&#8220;vc_col-lg-offset-2 vc_col-lg-8 vc_col-md-offset-1 vc_col-md-10&#8243;][\/vc_column][\/vc_row][vc_row bg_type=&#8220;image&#8220; parallax_style=&#8220;vcpb-vz-jquery&#8220; bg_image_new=&#8220;id^2321|url^http:\/\/www.malermeister-widdecke.de\/mw\/wp-content\/uploads\/2020\/04\/pinselpallette.jpg|caption^Freepik-Lizenz|alt^null|title^Bild von Racool_studio|description^null&#8220; parallax_sense=&#8220;40&#8243; bg_override=&#8220;ex-full&#8220; enable_overlay=&#8220;enable_overlay_value&#8220; overlay_color=&#8220;rgba(0,0,0,0.6)&#8220; type=&#8220;vc_default&#8220; css=&#8220;.vc_custom_1586107692838{padding-top: 100px !important;padding-bottom: 105px !important;}&#8220;][vc_column width=&#8220;5\/6&#8243; offset=&#8220;vc_col-lg-offset-3 vc_col-lg-6 vc_col-md-offset-1 vc_col-md-10 vc_col-sm-offset-1&#8243; el_class=&#8220;text-centered&#8220;][vc_column_text]&hellip;<\/p>\n","protected":false},"author":1,"featured_media":0,"parent":0,"menu_order":1,"comment_status":"closed","ping_status":"closed","template":"","meta":[],"_links":{"self":[{"href":"http:\/\/www.malermeister-widdecke.de\/mw\/wp-json\/wp\/v2\/pages\/45"}],"collection":[{"href":"http:\/\/www.malermeister-widdecke.de\/mw\/wp-json\/wp\/v2\/pages"}],"about":[{"href":"http:\/\/www.malermeister-widdecke.de\/mw\/wp-json\/wp\/v2\/types\/page"}],"author":[{"embeddable":true,"href":"http:\/\/www.malermeister-widdecke.de\/mw\/wp-json\/wp\/v2\/users\/1"}],"replies":[{"embeddable":true,"href":"http:\/\/www.malermeister-widdecke.de\/mw\/wp-json\/wp\/v2\/comments?post=45"}],"version-history":[{"count":29,"href":"http:\/\/www.malermeister-widdecke.de\/mw\/wp-json\/wp\/v2\/pages\/45\/revisions"}],"predecessor-version":[{"id":2451,"href":"http:\/\/www.malermeister-widdecke.de\/mw\/wp-json\/wp\/v2\/pages\/45\/revisions\/2451"}],"wp:attachment":[{"href":"http:\/\/www.malermeister-widdecke.de\/mw\/wp-json\/wp\/v2\/media?parent=45"}],"curies":[{"name":"wp","href":"https:\/\/api.w.org\/{rel}","templated":true}]}}